{"id":4787,"date":"2024-12-18T08:43:31","date_gmt":"2024-12-18T08:43:31","guid":{"rendered":"https:\/\/www.profil-global.com\/?page_id=4787"},"modified":"2024-12-19T14:10:10","modified_gmt":"2024-12-19T14:10:10","slug":"service-angebot","status":"publish","type":"page","link":"https:\/\/www.profil-global.com\/de\/service-angebot\/","title":{"rendered":"Service Angebot"},"content":{"rendered":"<div class=\"block small-banner has-links\">\n  <div class=\"main-content-wrap\">\n    <div class=\"container\">\n      <div class=\"row\">\n        <div class=\"col-12\">\n                  <\/div>\n        <div class=\"col-12 col-md-8 col-lg-6 main-content\">\n                    <h1 data-page-heading class=\"heading \">PROFIL\u00ae Service Angebot <br \/>\r\n<\/h1>          <p class=\"text\">Erste Wartung zum Sonderpreis!<\/p>        <\/div>\n              <\/div>\n    <\/div>\n  <\/div>\n<\/div>\n  <div class=\"small-banner-links\">\n    <div class=\"container swiper link-swiper\" data-link-count=\"3\">\n      <div class=\"swiper-wrapper\">\n        <a data-slide-index=\"0\" href=\"https:\/\/www.profil-global.com\/de\/service\/\" class=\"swiper-slide banner-link\">Service-Dienstleistungen<\/a><a data-slide-index=\"1\" href=\"https:\/\/www.profil-global.com\/de\/servicebedingungen\/\" class=\"swiper-slide banner-link\">Servicebedingungen<\/a><a data-slide-index=\"2\" href=\"https:\/\/www.profil-global.com\/de\/contact\/\" class=\"swiper-slide banner-link\">Kontaktaufnahme<\/a>      <\/div>\n    <\/div>\n  <\/div>\n  \n\n  <section class=\"block text-image-carousel  order-text-carousel wp-block-acf-text-image-carousel\">\n    <div class=\"background\"><\/div>\n    <div class=\"container\">\n      <div class=\"row content-row\">\n        <!-- Text col -->\n        <div class=\"col-12 col-md-6 text-col\">\n          <p class=\"block-preheading d-none d-md-block\">Service-Angebot<\/p>          <h2 class=\"block-heading d-none d-md-block\">Erste Wartung zum Sonderpreis! <\/h2>          <div class=\"text\"><p>Beim Kauf eines neuen Sortier- und F\u00f6rderger\u00e4ts von PROFIL\u00ae\u00a0Verbindungstechnik GmbH &amp; Co KG k\u00f6nnen wir Ihnen ein attraktives Sonderangebot unterbreiten:<\/p>\n<p><strong>Die erste Wartung Ihres Ger\u00e4ts bieten wir Ihnen zu einem absoluten Sonderpreis an.*\u00a0<\/strong><\/p>\n<p>Die 1. Wartung erfolgt ca. 18 Monate nach der erfolgreich abgeschlossenen Inbetriebnahme und wird vollst\u00e4ndig von PROFIL organisiert. Unser erfahrenes Serviceteam stellt sicher, dass Ihr Ger\u00e4t optimal funktioniert und den h\u00f6chsten Qualit\u00e4tsanspr\u00fcchen gen\u00fcgt \u2013 f\u00fcr eine maximale Langlebigkeit und Effizienz in Ihrer Produktion.<\/p>\n<p>Nutzen Sie diese Gelegenheit, um Ihre Produktion langfristig abzusichern und von einem sorgenfreien Start mit Ihrer neuen Anlage zu profitieren.<\/p>\n<p><!-- wp:paragraph --><\/p>\n<p><strong>Gute Gr\u00fcnde f\u00fcr eine PROFIL\u00ae Wartung am Sortier- und F\u00f6rderger\u00e4t:<\/strong><\/p>\n<p><!-- \/wp:paragraph --> <!-- wp:list --><\/p>\n<ul class=\"wp-block-list\">\n<li style=\"list-style-type: none;\">\n<ul class=\"wp-block-list\"><!-- wp:list-item --><\/p>\n<li>H\u00f6here Prozesssicherheit in der Produktion mit den PROFIL\u00ae Sortier- und F\u00f6rderger\u00e4ten<\/li>\n<li>Erh\u00f6hung der Anlagenverf\u00fcgbarkeit<\/li>\n<li>Vermeidung unvorhersehbarer Produktionsausf\u00e4lle<\/li>\n<li>Sicherstellung der Qualit\u00e4t Ihrer Produkte<\/li>\n<li>Reduzierung von Betriebskosten<\/li>\n<li>Werterhaltung der Anlagen<\/li>\n<li>Minimierung von Unfallrisiken<\/li>\n<li>Verbesserung der Betriebssicherheit<\/li>\n<li>Entlastung der Instandhaltungs-Mitarbeiter durch weniger unvorhergesehene kurzfristige Reparaturen<\/li>\n<\/ul>\n<\/li>\n<\/ul>\n<p><!-- wp:paragraph --><\/p>\n<p><strong>Was beinhaltet die Wartung des Sortier- und F\u00f6rderger\u00e4ts durch PROFIL\u00ae?<\/strong><\/p>\n<p><!-- \/wp:paragraph --> <!-- wp:list --><\/p>\n<ul class=\"wp-block-list\">\n<li style=\"list-style-type: none;\">\n<ul class=\"wp-block-list\"><!-- wp:list-item --><\/p>\n<li>Reinigung des PROFIL Sortier- und F\u00f6rderger\u00e4ts<\/li>\n<li><span style=\"background-color: var(--bs-body-bg); color: var(--bs-body-color); font-family: var(--bs-body-font-family); font-size: var(--bs-body-font-size); font-weight: var(--bs-body-font-weight); text-align: var(--bs-body-text-align);\">Bestandsaufnahme des Sortier- und F\u00f6rderger\u00e4ts<\/span><\/li>\n<li><span style=\"background-color: var(--bs-body-bg); color: var(--bs-body-color); font-family: var(--bs-body-font-family); font-size: var(--bs-body-font-size); font-weight: var(--bs-body-font-weight); text-align: var(--bs-body-text-align);\">Elektrische Anlagen und Betriebsmittelpr\u00fcfung (DGUV V3 Messung)<\/span><\/li>\n<li><span style=\"background-color: var(--bs-body-bg); color: var(--bs-body-color); font-family: var(--bs-body-font-family); font-size: var(--bs-body-font-size); font-weight: var(--bs-body-font-weight); text-align: var(--bs-body-text-align);\">Datensicherung aller notwendigen Dateien, wie Parameter- \/ Datens\u00e4tze<\/span><\/li>\n<li><span style=\"background-color: var(--bs-body-bg); color: var(--bs-body-color); font-family: var(--bs-body-font-family); font-size: var(--bs-body-font-size); font-weight: var(--bs-body-font-weight); text-align: var(--bs-body-text-align);\">Entmagnetisieren aller Bahnen<\/span><\/li>\n<\/ul>\n<\/li>\n<\/ul>\n<p><!-- \/wp:list-item --><\/p>\n<p><!-- \/wp:list --> <!-- wp:paragraph --><\/p>\n<p><strong><em>* <\/em><\/strong><em>Die Bestellung des Sonderangebots<\/em> <em>muss mit der Bestellung des SFG erfolgen.<\/em><\/p>\n<p><!-- \/wp:paragraph --> <!-- wp:paragraph --><\/p>\n<p><em>Die Aktion ist auf Europa begrenzt.<\/em><\/p>\n<p>&nbsp;<\/p>\n<p><strong><em>Bei Interesse sprechen Sie uns bitte an.<\/em><\/strong><\/p>\n<p><!-- \/wp:paragraph --><\/p>\n<\/div>                  <\/div>\n        <!-- Carousel col -->\n        <div class=\"col-12 col-md-6 carousel-col\">\n          <!-- Headings for mobile -->\n          <p class=\"block-preheading d-md-none\">Service-Angebot<\/p>          <h2 class=\"block-heading d-md-none\">Erste Wartung zum Sonderpreis! <\/h2>          <div class=\"swiper\">\n            <div class=\"swiper-wrapper\">\n              <img decoding=\"async\" src=\"https:\/\/www.profil-global.com\/wp-content\/uploads\/2024\/05\/Feeder-2_-White-Background-902x1024.webp\" alt=\"PROFIL Feeder\" class=\"swiper-slide object-fit-cover\"><img decoding=\"async\" src=\"https:\/\/www.profil-global.com\/wp-content\/uploads\/2024\/05\/Feeder-3_-White-Background-1024x682.jpg\" alt=\"PROFIL Feeder\" class=\"swiper-slide object-fit-cover\"><img decoding=\"async\" src=\"https:\/\/www.profil-global.com\/wp-content\/uploads\/2024\/05\/Feeder-4_-White-Background-682x1024.jpg\" alt=\"PROFIL Feeder\" class=\"swiper-slide object-fit-cover\">            <\/div>\n            <div class=\"swiper-button-prev swiper-button\"><\/div>\n            <div class=\"swiper-button-next swiper-button\"><\/div>\n          <\/div>\n        <\/div>\n      <\/div>\n    <\/div>\n  <\/section>\n  \n\n  <section class=\"block hsform  wp-block-acf-hsform\">\n    <div class=\"container\">\n      <div class=\"row content-row\">\n        <!-- Form -->\n        <div class=\"col-12 form-col\">\n          <div class=\"form-wrap\" id=\"hubspot-form-block_e12b66ba151209f0f724a9559bb509b5\"><\/div>\n                  <\/div>\n      <\/div>\n    <\/div>\n  <\/section>\n  \n\n<section class=\"block block-columns margin-medium bg-white padding-medium wp-block-acf-flexible-columns\">\n  <div class=\"block-wrap\">\n    <div class=\"container \">\n            <div class=\"acf-innerblocks-container\">\n\n<div class=\"wp-block-columns is-layout-flex wp-container-core-columns-is-layout-9d6595d7 wp-block-columns-is-layout-flex\">\n<div class=\"wp-block-column is-layout-flow wp-block-column-is-layout-flow\">\n<figure class=\"wp-block-image size-large\"><img loading=\"lazy\" decoding=\"async\" width=\"1024\" height=\"464\" src=\"https:\/\/www.profil-global.com\/wp-content\/uploads\/2024\/12\/PROFIL-Service_Erstwartung_1920x870px-1024x464.jpg\" alt=\"\" class=\"wp-image-4812\" srcset=\"https:\/\/www.profil-global.com\/wp-content\/uploads\/2024\/12\/PROFIL-Service_Erstwartung_1920x870px-1024x464.jpg 1024w, https:\/\/www.profil-global.com\/wp-content\/uploads\/2024\/12\/PROFIL-Service_Erstwartung_1920x870px-300x136.jpg 300w, https:\/\/www.profil-global.com\/wp-content\/uploads\/2024\/12\/PROFIL-Service_Erstwartung_1920x870px-768x348.jpg 768w, https:\/\/www.profil-global.com\/wp-content\/uploads\/2024\/12\/PROFIL-Service_Erstwartung_1920x870px-1536x696.jpg 1536w, https:\/\/www.profil-global.com\/wp-content\/uploads\/2024\/12\/PROFIL-Service_Erstwartung_1920x870px-400x181.jpg 400w, https:\/\/www.profil-global.com\/wp-content\/uploads\/2024\/12\/PROFIL-Service_Erstwartung_1920x870px.jpg 1920w\" sizes=\"auto, (max-width: 1024px) 100vw, 1024px\" \/><\/figure>\n<\/div>\n<\/div>\n\n<\/div>\n    <\/div>\n  <\/div>\n<\/section>","protected":false},"excerpt":{"rendered":"","protected":false},"author":4,"featured_media":0,"parent":0,"menu_order":0,"comment_status":"closed","ping_status":"closed","template":"","meta":{"_acf_changed":false,"footnotes":""},"class_list":["post-4787","page","type-page","status-publish","hentry"],"acf":[],"yoast_head":"<!-- This site is optimized with the Yoast SEO plugin v26.7 - https:\/\/yoast.com\/wordpress\/plugins\/seo\/ -->\n<title>Verarbeitung | PROFIL\u00ae Verbindungstechnik<\/title>\n<meta name=\"description\" content=\"Vollautomatische Verarbeitung in Folgeverbundwerkzeugen, Transferwerkzeugen oder automatisierten Pressenlinien.\" \/>\n<meta name=\"robots\" content=\"index, follow, max-snippet:-1, max-image-preview:large, max-video-preview:-1\" \/>\n<link rel=\"canonical\" href=\"https:\/\/www.profil-global.com\/de\/service-angebot\/\" \/>\n<meta property=\"og:locale\" content=\"de_DE\" \/>\n<meta property=\"og:type\" content=\"article\" \/>\n<meta property=\"og:title\" content=\"Verarbeitung | PROFIL\u00ae Verbindungstechnik\" \/>\n<meta property=\"og:description\" content=\"Vollautomatische Verarbeitung in Folgeverbundwerkzeugen, Transferwerkzeugen oder automatisierten Pressenlinien.\" \/>\n<meta property=\"og:url\" content=\"https:\/\/www.profil-global.com\/de\/service-angebot\/\" \/>\n<meta property=\"og:site_name\" content=\"PROFIL\u00ae\" \/>\n<meta property=\"article:modified_time\" content=\"2024-12-19T14:10:10+00:00\" \/>\n<meta property=\"og:image\" content=\"https:\/\/www.profil-global.com\/wp-content\/uploads\/2024\/12\/PROFIL-Service_Erstwartung_1920x870px-1024x464.jpg\" \/>\n<meta name=\"twitter:card\" content=\"summary_large_image\" \/>\n<meta name=\"twitter:label1\" content=\"Est. reading time\" \/>\n\t<meta name=\"twitter:data1\" content=\"1 Minute\" \/>\n<script type=\"application\/ld+json\" class=\"yoast-schema-graph\">{\"@context\":\"https:\/\/schema.org\",\"@graph\":[{\"@type\":\"WebPage\",\"@id\":\"https:\/\/www.profil-global.com\/de\/service-angebot\/\",\"url\":\"https:\/\/www.profil-global.com\/de\/service-angebot\/\",\"name\":\"Verarbeitung | PROFIL\u00ae Verbindungstechnik\",\"isPartOf\":{\"@id\":\"https:\/\/www.profil-global.com\/de\/#website\"},\"primaryImageOfPage\":{\"@id\":\"https:\/\/www.profil-global.com\/de\/service-angebot\/#primaryimage\"},\"image\":{\"@id\":\"https:\/\/www.profil-global.com\/de\/service-angebot\/#primaryimage\"},\"thumbnailUrl\":\"https:\/\/www.profil-global.com\/wp-content\/uploads\/2024\/12\/PROFIL-Service_Erstwartung_1920x870px-1024x464.jpg\",\"datePublished\":\"2024-12-18T08:43:31+00:00\",\"dateModified\":\"2024-12-19T14:10:10+00:00\",\"description\":\"Vollautomatische Verarbeitung in Folgeverbundwerkzeugen, Transferwerkzeugen oder automatisierten Pressenlinien.\",\"breadcrumb\":{\"@id\":\"https:\/\/www.profil-global.com\/de\/service-angebot\/#breadcrumb\"},\"inLanguage\":\"de-DE\",\"potentialAction\":[{\"@type\":\"ReadAction\",\"target\":[\"https:\/\/www.profil-global.com\/de\/service-angebot\/\"]}]},{\"@type\":\"ImageObject\",\"inLanguage\":\"de-DE\",\"@id\":\"https:\/\/www.profil-global.com\/de\/service-angebot\/#primaryimage\",\"url\":\"https:\/\/www.profil-global.com\/wp-content\/uploads\/2024\/12\/PROFIL-Service_Erstwartung_1920x870px-1024x464.jpg\",\"contentUrl\":\"https:\/\/www.profil-global.com\/wp-content\/uploads\/2024\/12\/PROFIL-Service_Erstwartung_1920x870px-1024x464.jpg\"},{\"@type\":\"BreadcrumbList\",\"@id\":\"https:\/\/www.profil-global.com\/de\/service-angebot\/#breadcrumb\",\"itemListElement\":[{\"@type\":\"ListItem\",\"position\":1,\"name\":\"Home\",\"item\":\"https:\/\/www.profil-global.com\/de\/\"},{\"@type\":\"ListItem\",\"position\":2,\"name\":\"Service Angebot\"}]},{\"@type\":\"WebSite\",\"@id\":\"https:\/\/www.profil-global.com\/de\/#website\",\"url\":\"https:\/\/www.profil-global.com\/de\/\",\"name\":\"PROFIL\u00ae fastening technology\",\"description\":\"\",\"potentialAction\":[{\"@type\":\"SearchAction\",\"target\":{\"@type\":\"EntryPoint\",\"urlTemplate\":\"https:\/\/www.profil-global.com\/de\/?s={search_term_string}\"},\"query-input\":{\"@type\":\"PropertyValueSpecification\",\"valueRequired\":true,\"valueName\":\"search_term_string\"}}],\"inLanguage\":\"de-DE\"}]}<\/script>\n<!-- \/ Yoast SEO plugin. -->","yoast_head_json":{"title":"Verarbeitung | PROFIL\u00ae Verbindungstechnik","description":"Vollautomatische Verarbeitung in Folgeverbundwerkzeugen, Transferwerkzeugen oder automatisierten Pressenlinien.","robots":{"index":"index","follow":"follow","max-snippet":"max-snippet:-1","max-image-preview":"max-image-preview:large","max-video-preview":"max-video-preview:-1"},"canonical":"https:\/\/www.profil-global.com\/de\/service-angebot\/","og_locale":"de_DE","og_type":"article","og_title":"Verarbeitung | PROFIL\u00ae Verbindungstechnik","og_description":"Vollautomatische Verarbeitung in Folgeverbundwerkzeugen, Transferwerkzeugen oder automatisierten Pressenlinien.","og_url":"https:\/\/www.profil-global.com\/de\/service-angebot\/","og_site_name":"PROFIL\u00ae","article_modified_time":"2024-12-19T14:10:10+00:00","og_image":[{"url":"https:\/\/www.profil-global.com\/wp-content\/uploads\/2024\/12\/PROFIL-Service_Erstwartung_1920x870px-1024x464.jpg","type":"","width":"","height":""}],"twitter_card":"summary_large_image","twitter_misc":{"Est. reading time":"1 Minute"},"schema":{"@context":"https:\/\/schema.org","@graph":[{"@type":"WebPage","@id":"https:\/\/www.profil-global.com\/de\/service-angebot\/","url":"https:\/\/www.profil-global.com\/de\/service-angebot\/","name":"Verarbeitung | PROFIL\u00ae Verbindungstechnik","isPartOf":{"@id":"https:\/\/www.profil-global.com\/de\/#website"},"primaryImageOfPage":{"@id":"https:\/\/www.profil-global.com\/de\/service-angebot\/#primaryimage"},"image":{"@id":"https:\/\/www.profil-global.com\/de\/service-angebot\/#primaryimage"},"thumbnailUrl":"https:\/\/www.profil-global.com\/wp-content\/uploads\/2024\/12\/PROFIL-Service_Erstwartung_1920x870px-1024x464.jpg","datePublished":"2024-12-18T08:43:31+00:00","dateModified":"2024-12-19T14:10:10+00:00","description":"Vollautomatische Verarbeitung in Folgeverbundwerkzeugen, Transferwerkzeugen oder automatisierten Pressenlinien.","breadcrumb":{"@id":"https:\/\/www.profil-global.com\/de\/service-angebot\/#breadcrumb"},"inLanguage":"de-DE","potentialAction":[{"@type":"ReadAction","target":["https:\/\/www.profil-global.com\/de\/service-angebot\/"]}]},{"@type":"ImageObject","inLanguage":"de-DE","@id":"https:\/\/www.profil-global.com\/de\/service-angebot\/#primaryimage","url":"https:\/\/www.profil-global.com\/wp-content\/uploads\/2024\/12\/PROFIL-Service_Erstwartung_1920x870px-1024x464.jpg","contentUrl":"https:\/\/www.profil-global.com\/wp-content\/uploads\/2024\/12\/PROFIL-Service_Erstwartung_1920x870px-1024x464.jpg"},{"@type":"BreadcrumbList","@id":"https:\/\/www.profil-global.com\/de\/service-angebot\/#breadcrumb","itemListElement":[{"@type":"ListItem","position":1,"name":"Home","item":"https:\/\/www.profil-global.com\/de\/"},{"@type":"ListItem","position":2,"name":"Service Angebot"}]},{"@type":"WebSite","@id":"https:\/\/www.profil-global.com\/de\/#website","url":"https:\/\/www.profil-global.com\/de\/","name":"PROFIL\u00ae fastening technology","description":"","potentialAction":[{"@type":"SearchAction","target":{"@type":"EntryPoint","urlTemplate":"https:\/\/www.profil-global.com\/de\/?s={search_term_string}"},"query-input":{"@type":"PropertyValueSpecification","valueRequired":true,"valueName":"search_term_string"}}],"inLanguage":"de-DE"}]}},"_links":{"self":[{"href":"https:\/\/www.profil-global.com\/de\/wp-json\/wp\/v2\/pages\/4787","targetHints":{"allow":["GET"]}}],"collection":[{"href":"https:\/\/www.profil-global.com\/de\/wp-json\/wp\/v2\/pages"}],"about":[{"href":"https:\/\/www.profil-global.com\/de\/wp-json\/wp\/v2\/types\/page"}],"author":[{"embeddable":true,"href":"https:\/\/www.profil-global.com\/de\/wp-json\/wp\/v2\/users\/4"}],"replies":[{"embeddable":true,"href":"https:\/\/www.profil-global.com\/de\/wp-json\/wp\/v2\/comments?post=4787"}],"version-history":[{"count":42,"href":"https:\/\/www.profil-global.com\/de\/wp-json\/wp\/v2\/pages\/4787\/revisions"}],"predecessor-version":[{"id":4912,"href":"https:\/\/www.profil-global.com\/de\/wp-json\/wp\/v2\/pages\/4787\/revisions\/4912"}],"wp:attachment":[{"href":"https:\/\/www.profil-global.com\/de\/wp-json\/wp\/v2\/media?parent=4787"}],"curies":[{"name":"wp","href":"https:\/\/api.w.org\/{rel}","templated":true}]}}