{"id":3074,"date":"2024-07-08T12:50:36","date_gmt":"2024-07-08T12:50:36","guid":{"rendered":"https:\/\/www.profil-global.com\/?page_id=3074"},"modified":"2024-07-30T13:35:51","modified_gmt":"2024-07-30T13:35:51","slug":"datenschutz","status":"publish","type":"page","link":"https:\/\/www.profil-global.com\/de\/datenschutz\/","title":{"rendered":"Datenschutz"},"content":{"rendered":"<section class=\"block block-columns margin-medium bg-white padding-medium wp-block-acf-flexible-columns\">\n  <div class=\"block-wrap\">\n    <div class=\"container \">\n            <div class=\"acf-innerblocks-container\">\n\n<div class=\"wp-block-columns is-layout-flex wp-container-core-columns-is-layout-9d6595d7 wp-block-columns-is-layout-flex\">\n<div class=\"wp-block-column is-layout-flow wp-block-column-is-layout-flow\">\n<h1 class=\"wp-block-heading\">Datenschutz<\/h1>\n\n\n\n<p><strong>Ihr Datenschutz ist unser Anliegen<\/strong><\/p>\n\n\n\n<p>Wir freuen uns \u00fcber Ihr Interesse an unserem Unternehmen und unseren Produkten bzw. Dienstleistungen und m\u00f6chten, dass Sie sich beim Besuch unserer Internetseiten auch hinsichtlich des Schutzes Ihrer personenbezogenen Daten sicher f\u00fchlen. Denn wir nehmen den Schutz ihrer personenbezogenen Daten sehr ernst. Die Beachtung der Bestimmungen des Bundesdatenschutzgesetzes ist f\u00fcr uns eine Selbstverst\u00e4ndlichkeit.<\/p>\n\n\n\n<p>Wir m\u00f6chten, dass Sie wissen, wann wir welche Daten erheben und wie wir sie verwenden. Wir haben technische und organisatorische Ma\u00dfnahmen getroffen, die sicherstellen, dass die Vorschriften \u00fcber den Datenschutz sowohl von uns als auch von externen Dienstleistern beachtet werden.<\/p>\n\n\n\n<p><strong>Hinweisgeberschutzgesetz<\/strong><\/p>\n\n\n\n<p>Das Hinweisgeberschutzgesetz (HinSchG) ist die deutsche Umsetzung der sog. EU-Whistleblower-Richtlinie. Ziel des HinSchG ist der Schutz von Personen, die im Rahmen ihrer beruflichen T\u00e4tigkeit Informationen \u00fcber Verst\u00f6\u00dfe erlangt haben und diese melden.<\/p>\n\n\n\n<p>Wer kann Hinweisgeber sein ?<\/p>\n\n\n\n<ol class=\"wp-block-list\">\n<li>Besch\u00e4ftigte, auch bereits ausgeschiedene Besch\u00e4ftigte, Stellenbewerber, Praktikanten, Leiharbeitnehmer<\/li>\n\n\n\n<li>Selbstst\u00e4ndige, die Dienstleistungen erbringen, Freiberufler, Auftragnehmer, Unterauftragnehmer, Lieferanten und deren Mitarbeiter<\/li>\n\n\n\n<li>Anteilseigner und Personen in Leitungsgremien<\/li>\n<\/ol>\n\n\n\n<p>Sie m\u00f6chten sich zum Hinweisgeberschutzgesetz informieren ? Nutzen Sie diesen Link:&nbsp;&nbsp;<a href=\"https:\/\/www.ihk.de\/stuttgart\/fuer-unternehmen\/recht-und-steuern\/arbeitsrecht\/whistleblowing-5169770#:~:text=Das%20HinSchG%20verbietet%20jegliche%20Repressalien,Juli%202023%20in%20Kraft%20getreten.\" target=\"_blank\" rel=\"noreferrer noopener\">Hinweisgeberschutzgesetz<\/a><\/p>\n\n\n\n<p>Sie m\u00f6chten eine Versto\u00df melden ? Nutzen Sie hierf\u00fcr unseren\u00a0<a href=\"https:\/\/www.profil-global.com\/wp-content\/uploads\/2024\/07\/Hinweisgebergesetz.docx\">Internen Meldekanal<\/a><\/p>\n\n\n\n<p><strong>Personenbezogene Daten<\/strong><\/p>\n\n\n\n<p>Personenbezogene Daten sind Informationen zu Ihrer Identit\u00e4t. Hierunter fallen z.B. Angaben wie Name, Adresse, Telefonnummer, E-Mail-Adresse. F\u00fcr die Nutzung unserer Internetseite ist es nicht erforderlich, dass Sie personenbezogene Daten preisgeben m\u00fcssen. In bestimmten F\u00e4llen ben\u00f6tigen wir jedoch Ihren Namen und Ihre Adresse sowie weitere Angaben, damit wir die gew\u00fcnschten Dienstleistungen erbringen k\u00f6nnen.<\/p>\n\n\n\n<p>Gleiches gilt beispielsweise f\u00fcr die Zusendung von Informationsmaterial und bestellten Waren oder f\u00fcr die Beantwortung individueller Fragen. Wo dies erforderlich ist, weisen wir Sie entsprechend darauf hin. Dar\u00fcber hinaus speichern und verarbeiten wir nur Daten, die Sie uns freiwillig oder automatisch zur Verf\u00fcgung stellen.<\/p>\n\n\n\n<p>Sofern Sie Service-Leistungen in Anspruch nehmen, werden in der Regel nur solche Daten erhoben, die wir zur Erbringung der Leistungen ben\u00f6tigen. Soweit wir Sie um weitergehende Daten bitten, handelt es sich um freiwillige Informationen. Die Verarbeitung personenbezogener Daten erfolgt ausschlie\u00dflich zur Erf\u00fcllung des nachgefragten Service und zur Wahrung eigener berechtigter Gesch\u00e4ftsinteressen.<\/p>\n\n\n\n<p><strong>Zweckbestimmung der personenbezogenen Daten<\/strong><\/p>\n\n\n\n<p>Die von Ihnen zur Verf\u00fcgung gestellten personenbezogenen Daten verwenden wir im Allgemeinen, um Ihre Anfragen zu beantworten, Ihre Auftr\u00e4ge zu bearbeiten oder Ihnen Zugang zu bestimmten Informationen oder Angeboten zu verschaffen. Zur Pflege der Kundenbeziehungen kann es au\u00dferdem erforderlich sein, dass wir oder ein von uns beauftragtes Dienstleistungsunternehmen diese personenbezogenen Daten verwenden, um Sie \u00fcber Produktangebote zu informieren, die f\u00fcr Ihre Gesch\u00e4ftst\u00e4tigkeit n\u00fctzlich sind, oder um Online-Umfragen durchzuf\u00fchren, um den Aufgaben und Anforderungen unserer Kunden besser gerecht zu werden.<\/p>\n\n\n\n<p>Selbstverst\u00e4ndlich respektieren wir es, wenn Sie uns Ihre personenbezogenen Daten nicht zur Unterst\u00fctzung unserer Kundenbezeichnung (insbesondere f\u00fcr Direktmarketing oder zu Marktforschungszwecken) \u00fcberlassen wollen. Wir werden Ihre personenbezogenen Daten weder an Dritte verkaufen noch anderweitig vermarkten.<\/p>\n\n\n\n<p><strong>Zweckgebundene Verwendung<\/strong><\/p>\n\n\n\n<p>Wir werden die von Ihnen online zur Verf\u00fcgung gestellten personenbezogenen Daten nur f\u00fcr die Ihnen mitgeteilten Zwecke erheben, verarbeiten und nutzen Eine Weitergabe Ihrer personenbezogenen Daten an Dritte erfolgt nicht ohne Ihre notwendige Einwilligung.<\/p>\n\n\n\n<p>Erhebungen von personenbezogenen Daten sowie deren \u00dcbermittlung an auskunftsberechtigte staatliche Institutionen und Beh\u00f6rden erfolgen nur im Rahmen der einschl\u00e4gigen Gesetze bzw. sofern wir durch eine gerichtliche Entscheidung dazu verpflichtet sind. Unsere Mitarbeiter und die von uns beauftragten Dienstleistungsunternehmen sind von uns zur Verschwiegenheit und zur Einhaltung der Bestimmungen des Bundesdatenschutzgesetzes verpflichtet.<\/p>\n\n\n\n<p>Bei der Nutzung unserer Internetseiten werden aus organisatorischen und technischen Gr\u00fcnden folgende Daten gespeichert: die Namen der aufgerufenen Seiten, des verwendeten Browsers und des Betriebssystems, Datum und Uhrzeit des Zugangs, verwendete Suchmaschinen, Namen heruntergeladener Dateien und ihre IP-Adresse.<\/p>\n\n\n\n<p>Die Rechtsgrundlage ist &nbsp;Art. 6 Abs.1 S.1 lit. f DSGVO.<\/p>\n\n\n\n<p>Bei der Verwendung der Daten liegt das berechtigte Interesse an der Datenverarbeitung im Sinne des Art. 6 Abs.1 S.1 lit. f DSGVO vor.<\/p>\n\n\n\n<p>Wir werten diese technischen Daten anonym und lediglich zu statistischen Zwecken aus, um unseren Internetauftritt st\u00e4ndig weiter optimieren und unsere Internetangebote noch attraktiver gestalten zu k\u00f6nnen. Diese anonymen Daten werden getrennt von personenbezogenen Informationen auf gesicherten Systemen gespeichert und lassen keine R\u00fcckschl\u00fcsse auf eine individuelle Person zu, Ihre personenbezogenen Daten und Ihre Privatsph\u00e4re sind also jederzeit gesch\u00fctzt.<\/p>\n\n\n\n<p><strong>Dauer der Datenspeicherung<\/strong><\/p>\n\n\n\n<p>Ihre personenbezogenen Daten werden gel\u00f6scht oder gesperrt, sobald der Zweck der Speicherung entf\u00e4llt. Eine Speicherung kann dar\u00fcber hinaus dann erfolgen, wenn dies durch den europ\u00e4ischen oder nationalen Gesetzgeber in unionsrechtlichen Verordnungen, Gesetzen oder sonstigen Vorschriften, denen der Verantwortliche unterliegt, vorgesehen wurde.<\/p>\n\n\n\n<p><strong>Betroffenenrechte<\/strong>Nach der DSGVO stehen Ihnen gegen\u00fcber PROFIL Verbindungstechnik GmbH &amp; Co. KG insbesondere die folgenden Rechte als betroffene Person zu:<\/p>\n\n\n\n<p>Recht auf Auskunft (Art. 15 DSGVO):<\/p>\n\n\n\n<p>Sie k\u00f6nnen von uns jederzeit Informationen \u00fcber Ihre Daten, die wir \u00fcber Sie halten, verlangen. Diese Auskunft betrifft unter anderem die von uns verarbeiteten Datenkategorien, f\u00fcr welche Zwecke wir diese verarbeiten, die Herkunft der Daten, falls wir diese nicht direkt von Ihnen erhoben haben, und gegebenenfalls die Empf\u00e4nger, an die wir Ihre Daten \u00fcbermittelt haben.<\/p>\n\n\n\n<p>Recht auf Berichtigung (Art. 16 DSGVO):&nbsp;<\/p>\n\n\n\n<p>Sie k\u00f6nnen von uns die Berichtigung Ihrer Daten fordern. Wir werden angemessene Ma\u00dfnahmen unternehmen, um Ihre Daten, die wir \u00fcber Sie halten und laufend verarbeiten, richtig, vollst\u00e4ndig und aktuell zu halten, basierend auf den aktuellsten uns zur Verf\u00fcgung stehenden Informationen.<\/p>\n\n\n\n<p>Recht auf L\u00f6schung (Art. 17 DSGVO):<\/p>\n\n\n\n<p>Sie k\u00f6nnen von uns die L\u00f6schung Ihrer Daten verlangen, sofern hierf\u00fcr die rechtlichen Voraussetzungen vorliegen.<\/p>\n\n\n\n<p>Recht auf Einschr\u00e4nkung der Verarbeitung (Art. 18 DSGVO)<\/p>\n\n\n\n<p>Sie k\u00f6nnen von uns die Einschr\u00e4nkung Ihrer Daten verlangen, sofern hierf\u00fcr die rechtlichen Voraussetzungen vorliegen.<\/p>\n\n\n\n<p>Recht auf Daten\u00fcbertragbarkeit (Art. 20 DSGVO)<\/p>\n\n\n\n<p>Auf Ihren Antrag hin werden wir Ihre Daten \u2013 soweit dies technisch m\u00f6glich ist \u2013 an einen anderen Verantwortlichen \u00fcbertragen. Dieses Recht steht Ihnen allerdings nur zu, sofern die Datenverarbeitung auf Ihrer Einwilligung beruht oder erforderlich ist, um einen Vertrag durchzuf\u00fchren.<\/p>\n\n\n\n<p>Recht auf Widerspruch (Art. 21 DSGVO)<\/p>\n\n\n\n<p>Sie k\u00f6nnen der Verarbeitung Ihrer Daten aus Gr\u00fcnden jederzeit widersprechen, die sich aus Ihrer besonderen Situation ergeben, sofern die Datenverarbeitung auf Ihrer Einwilligung oder auf unseren berechtigten Interessen oder denen eines Dritten beruht. In diesem Fall werden wir Ihre Daten nicht l\u00e4nger verarbeiten. Letzteres gilt nicht, sofern wir zwingende schutzw\u00fcrdige Gr\u00fcnde f\u00fcr die Verarbeitung nachweisen k\u00f6nnen, die Ihre Interessen \u00fcberwiegen oder wir Ihre Daten zur Geltendmachung, Aus\u00fcbung oder Verteidigung von Rechtsanspr\u00fcchen ben\u00f6tigen.<\/p>\n\n\n\n<p>Unbeschadet dieser Rechte und der M\u00f6glichkeit einer Geltendmachung eines anderweitigen verwaltungsrechtlichen oder gerichtlichen Rechtsbehelfs, haben Sie jederzeit die M\u00f6glichkeit, Ihr Recht auf Beschwerde bei einer Aufsichtsbeh\u00f6rde, insbesondere in dem Mitgliedstaat Ihres Aufenthaltsorts, Ihres Arbeitsplatzes oder des Orts des mutma\u00dflichen Versto\u00dfes, geltend zu machen, wenn Sie der Ansicht sind, dass die Verarbeitung der Sie betreffenden personenbezogenen Daten gegen datenschutzrechtliche Vorschriften verst\u00f6\u00dft (Art. 77 DSGVO).<\/p>\n\n\n\n<p><strong>Cookies<\/strong><\/p>\n\n\n\n<p>Wenn Sie eine unserer Websites besuchen, kann es sein, dass wir Informationen in Form eines Cookies auf Ihrem Computer ablegen. Cookies sind kleine Text-Dateien, die von einem Webserver an Ihren Browser gesendet und auf die Festplatte Ihres Computers gespeichert werden.<\/p>\n\n\n\n<p>Dabei werden keinerlei pers\u00f6nliche Daten des Nutzers gespeichert, sondern nur die Internetprotokoll-Adresse, Diese Informationen dienen dazu, Sie bei Ihrem n\u00e4chsten Besuch auf unseren Websites automatisch wiederzuerkennen und Ihnen die Navigation zu erleichtern, Cookies erlauben es uns beispielsweise, eine Website Ihren Interessen anzupassen oder Ihr Kennwort zu speichern, damit Sie es nicht jedes Mal neu eingeben m\u00fcssen.<\/p>\n\n\n\n<p>Selbstverst\u00e4ndlich k\u00f6nnen Sie unsere Websites auch ohne Cookies betrachten. Wenn Sie nicht m\u00f6chten, dass wir Ihren Computer wiedererkennen, k\u00f6nnen Sie das Speichern von Cookies auf Ihrer Festplatte verhindern, indem Sie in Ihren Browser- Einstellungen \u201ekeine Cookies akzeptieren\u201c w\u00e4hlen. Wie das im Einzelnen funktioniert, entnehmen Sie bitte der Anleitung Ihres Browser-Herstellers. Wenn Sie keine Cookies akzeptieren, kann dieses aber zu Funktionseinschr\u00e4nkungen unserer Angebote f\u00fchren.<\/p>\n\n\n\n<p><strong>Kinder<\/strong><\/p>\n\n\n\n<p>Personen unter 18 Jahren sollten ohne Zustimmung der Eltern oder Erziehungsberechtigten keine personenbezogenen Daten an uns \u00fcbermitteln. Wir fordern keine personenbezogenen Daten von Kindern und Jugendlichen an, sammeln diese nicht und geben sie nicht an Dritte weiter.<\/p>\n\n\n\n<p><strong>Sicherheit<\/strong><\/p>\n\n\n\n<p>Wir haben technische und organisatorische Sicherheitsma\u00dfnahmen getroffen, um Ihre personenbezogenen Daten vor Verlust, Zerst\u00f6rung, Manipulation und unberechtigten Zugriff zu sch\u00fctzen. Alle unserer Mitarbeiter und alle an der Datenverarbeitung beteiligten Dritten sind auf das Bundesdatenschutzgesetz und den vertraulichen Umgang mit Personen bezogenen Daten verpflichtet.<\/p>\n\n\n\n<p>Im Falle der Erhebung und Verarbeitung pers\u00f6nlicher Daten werden die Informationen in verschl\u00fcsselter Form \u00fcbertragen, um einem Missbrauch der Daten durch Dritte vorzubeugen. Unsere Sicherungsma\u00dfnahmen werden entsprechend der technologischen Entwicklung fortlaufend \u00fcberarbeitet.<\/p>\n\n\n\n<p><strong>\u00c4nderung unserer Datenschutzbestimmungen<\/strong><\/p>\n\n\n\n<p>Wir behalten uns das Recht vor, unsere Sicherheits- und Datenschutzma\u00dfnahmen zu ver\u00e4ndern, soweit dies wegen der technischen Entwicklung erforderlich wird, In diesen F\u00e4llen werden wir auch unsere Hinweise zum Datenschutz entsprechend anpassen. Bitte beachten Sie daher die jeweils aktuelle Version unserer Datenschutzerkl\u00e4rung.<\/p>\n\n\n\n<p><strong>Links<\/strong><\/p>\n\n\n\n<p>Sofern Sie externe Links nutzen, die im Rahmen unserer Internetseiten angeboten werden, erstreckt sich diese Datenschutzerkl\u00e4rung nicht auf diese Links. Wenn wir Links anbieten, bem\u00fchen wir uns sicherzustellen, dass auch diese unsere Datenschutz- und Sicherheitsstandards einhalten. Wir haben jedoch keinen Einfluss auf die Einhaltung der Datenschutz- und Sicherheitsbestimmungen durch andere Anbieter, Informieren Sie sich deshalb bitte auf den Internetseiten der anderen Anbieter auch \u00fcber die dort bereitgestellten Datenschutzerkl\u00e4rungen.<\/p>\n\n\n\n<p><strong>Auskunftsrecht<\/strong><\/p>\n\n\n\n<p>Auf Anforderung teilen wir Ihnen schriftlich entsprechend dem geltenden Recht mit ob und welche pers\u00f6nlichen Daten \u00fcber Sie bei uns gespeichert sind. Zus\u00e4tzlich haben Sie nach Ma\u00dfgabe der gesetzlichen Bestimmungen ein Recht auf Berichtigung, Sperrung und L\u00f6schung dieser personenbezogenen Daten.<\/p>\n\n\n\n<p><strong>Fragen, Anregungen, Beschwerden<\/strong><\/p>\n\n\n\n<p>Wenn Sie weitergehende Fragen zu unseren Hinweisen zum Datenschutz und zur Verarbeitung Ihrer pers\u00f6nlichen Daten haben, k\u00f6nnen Sie sich direkt an unseren externen Datenschutzbeauftragten wenden:<\/p>\n\n\n\n<p>PROFIL Verbindungstechnik GmbH &amp; Co.KG<\/p>\n\n\n\n<p>-Der Datenschutzbeauftragte-<\/p>\n\n\n\n<p>Otto-Hahn-Strasse 22-24<\/p>\n\n\n\n<p>D-61381 Friedrichsdorf<\/p>\n\n\n\n<p>datenschutz@profil.eu<\/p>\n\n\n\n<p>Der Datenschutzbeauftragte steht Ihnen auch im Falle von Auskunftsersuchen, Anregungen oder bei Beschwerden als Ansprechpartner zur Verf\u00fcgung.<\/p>\n<\/div>\n<\/div>\n\n<\/div>\n    <\/div>\n  <\/div>\n<\/section>","protected":false},"excerpt":{"rendered":"","protected":false},"author":1,"featured_media":0,"parent":0,"menu_order":0,"comment_status":"closed","ping_status":"closed","template":"","meta":{"_acf_changed":false,"footnotes":""},"class_list":["post-3074","page","type-page","status-publish","hentry"],"acf":[],"yoast_head":"<!-- This site is optimized with the Yoast SEO plugin v26.7 - https:\/\/yoast.com\/wordpress\/plugins\/seo\/ -->\n<title>Datenschutz | PROFIL\u00ae<\/title>\n<meta name=\"robots\" content=\"index, follow, max-snippet:-1, max-image-preview:large, max-video-preview:-1\" \/>\n<link rel=\"canonical\" href=\"https:\/\/www.profil-global.com\/de\/datenschutz\/\" \/>\n<meta property=\"og:locale\" content=\"de_DE\" \/>\n<meta property=\"og:type\" content=\"article\" \/>\n<meta property=\"og:title\" content=\"Datenschutz | PROFIL\u00ae\" \/>\n<meta property=\"og:url\" content=\"https:\/\/www.profil-global.com\/de\/datenschutz\/\" \/>\n<meta property=\"og:site_name\" content=\"PROFIL\u00ae\" \/>\n<meta property=\"article:modified_time\" content=\"2024-07-30T13:35:51+00:00\" \/>\n<meta name=\"twitter:card\" content=\"summary_large_image\" \/>\n<meta name=\"twitter:label1\" content=\"Est. reading time\" \/>\n\t<meta name=\"twitter:data1\" content=\"7 Minuten\" \/>\n<script type=\"application\/ld+json\" class=\"yoast-schema-graph\">{\"@context\":\"https:\/\/schema.org\",\"@graph\":[{\"@type\":\"WebPage\",\"@id\":\"https:\/\/www.profil-global.com\/de\/datenschutz\/\",\"url\":\"https:\/\/www.profil-global.com\/de\/datenschutz\/\",\"name\":\"Datenschutz | PROFIL\u00ae\",\"isPartOf\":{\"@id\":\"https:\/\/www.profil-global.com\/de\/#website\"},\"datePublished\":\"2024-07-08T12:50:36+00:00\",\"dateModified\":\"2024-07-30T13:35:51+00:00\",\"breadcrumb\":{\"@id\":\"https:\/\/www.profil-global.com\/de\/datenschutz\/#breadcrumb\"},\"inLanguage\":\"de-DE\",\"potentialAction\":[{\"@type\":\"ReadAction\",\"target\":[\"https:\/\/www.profil-global.com\/de\/datenschutz\/\"]}]},{\"@type\":\"BreadcrumbList\",\"@id\":\"https:\/\/www.profil-global.com\/de\/datenschutz\/#breadcrumb\",\"itemListElement\":[{\"@type\":\"ListItem\",\"position\":1,\"name\":\"Home\",\"item\":\"https:\/\/www.profil-global.com\/de\/\"},{\"@type\":\"ListItem\",\"position\":2,\"name\":\"Datenschutz\"}]},{\"@type\":\"WebSite\",\"@id\":\"https:\/\/www.profil-global.com\/de\/#website\",\"url\":\"https:\/\/www.profil-global.com\/de\/\",\"name\":\"PROFIL\u00ae fastening technology\",\"description\":\"\",\"potentialAction\":[{\"@type\":\"SearchAction\",\"target\":{\"@type\":\"EntryPoint\",\"urlTemplate\":\"https:\/\/www.profil-global.com\/de\/?s={search_term_string}\"},\"query-input\":{\"@type\":\"PropertyValueSpecification\",\"valueRequired\":true,\"valueName\":\"search_term_string\"}}],\"inLanguage\":\"de-DE\"}]}<\/script>\n<!-- \/ Yoast SEO plugin. -->","yoast_head_json":{"title":"Datenschutz | PROFIL\u00ae","robots":{"index":"index","follow":"follow","max-snippet":"max-snippet:-1","max-image-preview":"max-image-preview:large","max-video-preview":"max-video-preview:-1"},"canonical":"https:\/\/www.profil-global.com\/de\/datenschutz\/","og_locale":"de_DE","og_type":"article","og_title":"Datenschutz | PROFIL\u00ae","og_url":"https:\/\/www.profil-global.com\/de\/datenschutz\/","og_site_name":"PROFIL\u00ae","article_modified_time":"2024-07-30T13:35:51+00:00","twitter_card":"summary_large_image","twitter_misc":{"Est. reading time":"7 Minuten"},"schema":{"@context":"https:\/\/schema.org","@graph":[{"@type":"WebPage","@id":"https:\/\/www.profil-global.com\/de\/datenschutz\/","url":"https:\/\/www.profil-global.com\/de\/datenschutz\/","name":"Datenschutz | PROFIL\u00ae","isPartOf":{"@id":"https:\/\/www.profil-global.com\/de\/#website"},"datePublished":"2024-07-08T12:50:36+00:00","dateModified":"2024-07-30T13:35:51+00:00","breadcrumb":{"@id":"https:\/\/www.profil-global.com\/de\/datenschutz\/#breadcrumb"},"inLanguage":"de-DE","potentialAction":[{"@type":"ReadAction","target":["https:\/\/www.profil-global.com\/de\/datenschutz\/"]}]},{"@type":"BreadcrumbList","@id":"https:\/\/www.profil-global.com\/de\/datenschutz\/#breadcrumb","itemListElement":[{"@type":"ListItem","position":1,"name":"Home","item":"https:\/\/www.profil-global.com\/de\/"},{"@type":"ListItem","position":2,"name":"Datenschutz"}]},{"@type":"WebSite","@id":"https:\/\/www.profil-global.com\/de\/#website","url":"https:\/\/www.profil-global.com\/de\/","name":"PROFIL\u00ae fastening technology","description":"","potentialAction":[{"@type":"SearchAction","target":{"@type":"EntryPoint","urlTemplate":"https:\/\/www.profil-global.com\/de\/?s={search_term_string}"},"query-input":{"@type":"PropertyValueSpecification","valueRequired":true,"valueName":"search_term_string"}}],"inLanguage":"de-DE"}]}},"_links":{"self":[{"href":"https:\/\/www.profil-global.com\/de\/wp-json\/wp\/v2\/pages\/3074","targetHints":{"allow":["GET"]}}],"collection":[{"href":"https:\/\/www.profil-global.com\/de\/wp-json\/wp\/v2\/pages"}],"about":[{"href":"https:\/\/www.profil-global.com\/de\/wp-json\/wp\/v2\/types\/page"}],"author":[{"embeddable":true,"href":"https:\/\/www.profil-global.com\/de\/wp-json\/wp\/v2\/users\/1"}],"replies":[{"embeddable":true,"href":"https:\/\/www.profil-global.com\/de\/wp-json\/wp\/v2\/comments?post=3074"}],"version-history":[{"count":4,"href":"https:\/\/www.profil-global.com\/de\/wp-json\/wp\/v2\/pages\/3074\/revisions"}],"predecessor-version":[{"id":3110,"href":"https:\/\/www.profil-global.com\/de\/wp-json\/wp\/v2\/pages\/3074\/revisions\/3110"}],"wp:attachment":[{"href":"https:\/\/www.profil-global.com\/de\/wp-json\/wp\/v2\/media?parent=3074"}],"curies":[{"name":"wp","href":"https:\/\/api.w.org\/{rel}","templated":true}]}}