{"id":3067,"date":"2024-07-08T12:54:48","date_gmt":"2024-07-08T12:54:48","guid":{"rendered":"https:\/\/www.profil-global.com\/?page_id=3067"},"modified":"2024-07-08T12:54:49","modified_gmt":"2024-07-08T12:54:49","slug":"impressum","status":"publish","type":"page","link":"https:\/\/www.profil-global.com\/de\/impressum\/","title":{"rendered":"Impressum"},"content":{"rendered":"<section class=\"block block-columns margin-medium bg-white padding-medium wp-block-acf-flexible-columns\">\n  <div class=\"block-wrap\">\n    <div class=\"container \">\n            <div class=\"acf-innerblocks-container\">\n\n<div class=\"wp-block-columns is-layout-flex wp-container-core-columns-is-layout-9d6595d7 wp-block-columns-is-layout-flex\">\n<div class=\"wp-block-column is-layout-flow wp-block-column-is-layout-flow\">\n<h1 class=\"wp-block-heading\">Impressum<\/h1>\n\n\n\n<p><strong>PROFIL Verbindungstechnik GmbH &amp; Co. KG<\/strong><br>Otto-Hahn-Str. 22-24<br>D-61381 Friedrichsdorf<\/p>\n\n\n\n<p>Tel. +49 (0) 6175 \/ 799-0<br>Fax. +49 (0) 6175 \/ 7794<\/p>\n\n\n\n<p>E-Mail:&nbsp;<a href=\"mailto:info@profil.eu\">info@profil.eu&nbsp;<\/a><br>Internet:&nbsp;<a href=\"https:\/\/web.archive.org\/web\/20240305072301\/https:\/\/www.profil-global.com\/\">www.profil-global.com<\/a><\/p>\n\n\n\n<p><strong>Gesch\u00e4ftsf\u00fchrer:<\/strong>&nbsp;Ewa Lohmann, J\u00f6rg Feuring<\/p>\n\n\n\n<p>Registergericht: Bad Homburg v.d.H.<br>Registernummer: HRA 4618<br>Umsatzsteuer-Identifikationsnummer gem\u00e4\u00df \u00a7 27 a Umsatzsteuergesetz: DE 232844118<br>Inhaltlich Verantwortlicher gem\u00e4\u00df \u00a7 6 MDStV: Ewa Lohmann<\/p>\n\n\n\n<p><strong>Lieferbedingungen:<\/strong><\/p>\n\n\n\n<p><a href=\"https:\/\/www.profil-global.com\/wp-content\/uploads\/2024\/07\/Allgemeine-Liefer-und-Zahlungsbedingungen-de-2020.pdf\" target=\"_blank\" rel=\"noreferrer noopener\">Allgemeine Liefer- und Zahlungsbedingungen [31 kB]<\/a><\/p>\n\n\n\n<p><strong>Erkl\u00e4rung zum Datenschutz<\/strong><\/p>\n\n\n\n<p>Um unsere Datenschutzerkl\u00e4rung einzusehen klicken Sie bitte\u00a0<a href=\"https:\/\/www.profil-global.com\/de\/datenschutz\/\">hier<\/a>.<\/p>\n\n\n\n<p><strong>Rechtlicher Hinweis:<\/strong><\/p>\n\n\n\n<ul class=\"wp-block-list\">\n<li>Der gesamte Inhalt der PROFIL-Webseite ist urheberrechtlich gesch\u00fctzt. Das Herunterladen oder Kopieren einzelner Seiten und\/oder Teilbereiche der PROFIL-Webseite ist nur insoweit gestattet, als es von dem zur Verf\u00fcgung gestellten Zweck gedeckt ist. Copyrightvermerke d\u00fcrfen nicht entfernt oder ver\u00e4ndert werden. Vervielf\u00e4ltigung, \u00dcbermittlung oder Bearbeitung ist au\u00dferhalb der engen Grenzen des Urhebers ohne dessen vorherige schriftliche Zustimmung durch PROFIL untersagt.<\/li>\n\n\n\n<li>PROFIL versucht nach besten Kr\u00e4ften, die Zuverl\u00e4ssigkeit und Fehlerfreiheit der pr\u00e4sentierten Webseite sicherzustellen. Eine Haftung f\u00fcr Verluste oder Sch\u00e4den irgendwelcher Art, die direkt oder indirekt im Zusammenhang mit dem Zugriff, der Benutzung, der Leistung oder der Anfrage auf der PROFIL-Webseite und deren Verkn\u00fcpfung mit anderen Webseiten zusammenh\u00e4ngt, kann PROFIL nicht \u00fcbernehmen.<\/li>\n\n\n\n<li>Die Aktivierung bestimmter Verkn\u00fcpfungen (Links) auf der PROFIL-Webseite kann dazu f\u00fchren, da\u00df diese verlassen wird. PROFIL hat die Verkn\u00fcpfung und den Inhalt der verkn\u00fcpften Seiten nicht \u00fcberpr\u00fcft und \u00fcbernimmt daf\u00fcr keine Haftung. Dies gilt weder f\u00fcr deren technische Qualit\u00e4t noch f\u00fcr deren Inhalte, insbesondere f\u00fcr die darauf angebotenen Produkte, Dienstleistungen oder sonstigen Angeboten.<\/li>\n\n\n\n<li>Bei Unklarheiten oder Schwierigkeiten bitten wir Sie, sich mit folgender Adresse&nbsp;<a href=\"mailto:info@profil.eu\" target=\"_blank\" rel=\"noreferrer noopener\">E-Mail<\/a>&nbsp;in Verbindung zu setzen.<\/li>\n<\/ul>\n<\/div>\n<\/div>\n\n<\/div>\n    <\/div>\n  <\/div>\n<\/section>","protected":false},"excerpt":{"rendered":"","protected":false},"author":1,"featured_media":0,"parent":0,"menu_order":0,"comment_status":"closed","ping_status":"closed","template":"","meta":{"_acf_changed":false,"footnotes":""},"class_list":["post-3067","page","type-page","status-publish","hentry"],"acf":[],"yoast_head":"<!-- This site is optimized with the Yoast SEO plugin v26.7 - https:\/\/yoast.com\/wordpress\/plugins\/seo\/ -->\n<title>Impressum | PROFIL\u00ae<\/title>\n<meta name=\"robots\" content=\"index, follow, max-snippet:-1, max-image-preview:large, max-video-preview:-1\" \/>\n<link rel=\"canonical\" href=\"https:\/\/www.profil-global.com\/de\/impressum\/\" \/>\n<meta property=\"og:locale\" content=\"de_DE\" \/>\n<meta property=\"og:type\" content=\"article\" \/>\n<meta property=\"og:title\" content=\"Impressum | PROFIL\u00ae\" \/>\n<meta property=\"og:url\" content=\"https:\/\/www.profil-global.com\/de\/impressum\/\" \/>\n<meta property=\"og:site_name\" content=\"PROFIL\u00ae\" \/>\n<meta property=\"article:modified_time\" content=\"2024-07-08T12:54:49+00:00\" \/>\n<meta name=\"twitter:card\" content=\"summary_large_image\" \/>\n<meta name=\"twitter:label1\" content=\"Est. reading time\" \/>\n\t<meta name=\"twitter:data1\" content=\"2 Minuten\" \/>\n<script type=\"application\/ld+json\" class=\"yoast-schema-graph\">{\"@context\":\"https:\/\/schema.org\",\"@graph\":[{\"@type\":\"WebPage\",\"@id\":\"https:\/\/www.profil-global.com\/de\/impressum\/\",\"url\":\"https:\/\/www.profil-global.com\/de\/impressum\/\",\"name\":\"Impressum | PROFIL\u00ae\",\"isPartOf\":{\"@id\":\"https:\/\/www.profil-global.com\/de\/#website\"},\"datePublished\":\"2024-07-08T12:54:48+00:00\",\"dateModified\":\"2024-07-08T12:54:49+00:00\",\"breadcrumb\":{\"@id\":\"https:\/\/www.profil-global.com\/de\/impressum\/#breadcrumb\"},\"inLanguage\":\"de-DE\",\"potentialAction\":[{\"@type\":\"ReadAction\",\"target\":[\"https:\/\/www.profil-global.com\/de\/impressum\/\"]}]},{\"@type\":\"BreadcrumbList\",\"@id\":\"https:\/\/www.profil-global.com\/de\/impressum\/#breadcrumb\",\"itemListElement\":[{\"@type\":\"ListItem\",\"position\":1,\"name\":\"Home\",\"item\":\"https:\/\/www.profil-global.com\/de\/\"},{\"@type\":\"ListItem\",\"position\":2,\"name\":\"Impressum\"}]},{\"@type\":\"WebSite\",\"@id\":\"https:\/\/www.profil-global.com\/de\/#website\",\"url\":\"https:\/\/www.profil-global.com\/de\/\",\"name\":\"PROFIL\u00ae fastening technology\",\"description\":\"\",\"potentialAction\":[{\"@type\":\"SearchAction\",\"target\":{\"@type\":\"EntryPoint\",\"urlTemplate\":\"https:\/\/www.profil-global.com\/de\/?s={search_term_string}\"},\"query-input\":{\"@type\":\"PropertyValueSpecification\",\"valueRequired\":true,\"valueName\":\"search_term_string\"}}],\"inLanguage\":\"de-DE\"}]}<\/script>\n<!-- \/ Yoast SEO plugin. -->","yoast_head_json":{"title":"Impressum | PROFIL\u00ae","robots":{"index":"index","follow":"follow","max-snippet":"max-snippet:-1","max-image-preview":"max-image-preview:large","max-video-preview":"max-video-preview:-1"},"canonical":"https:\/\/www.profil-global.com\/de\/impressum\/","og_locale":"de_DE","og_type":"article","og_title":"Impressum | PROFIL\u00ae","og_url":"https:\/\/www.profil-global.com\/de\/impressum\/","og_site_name":"PROFIL\u00ae","article_modified_time":"2024-07-08T12:54:49+00:00","twitter_card":"summary_large_image","twitter_misc":{"Est. reading time":"2 Minuten"},"schema":{"@context":"https:\/\/schema.org","@graph":[{"@type":"WebPage","@id":"https:\/\/www.profil-global.com\/de\/impressum\/","url":"https:\/\/www.profil-global.com\/de\/impressum\/","name":"Impressum | PROFIL\u00ae","isPartOf":{"@id":"https:\/\/www.profil-global.com\/de\/#website"},"datePublished":"2024-07-08T12:54:48+00:00","dateModified":"2024-07-08T12:54:49+00:00","breadcrumb":{"@id":"https:\/\/www.profil-global.com\/de\/impressum\/#breadcrumb"},"inLanguage":"de-DE","potentialAction":[{"@type":"ReadAction","target":["https:\/\/www.profil-global.com\/de\/impressum\/"]}]},{"@type":"BreadcrumbList","@id":"https:\/\/www.profil-global.com\/de\/impressum\/#breadcrumb","itemListElement":[{"@type":"ListItem","position":1,"name":"Home","item":"https:\/\/www.profil-global.com\/de\/"},{"@type":"ListItem","position":2,"name":"Impressum"}]},{"@type":"WebSite","@id":"https:\/\/www.profil-global.com\/de\/#website","url":"https:\/\/www.profil-global.com\/de\/","name":"PROFIL\u00ae fastening technology","description":"","potentialAction":[{"@type":"SearchAction","target":{"@type":"EntryPoint","urlTemplate":"https:\/\/www.profil-global.com\/de\/?s={search_term_string}"},"query-input":{"@type":"PropertyValueSpecification","valueRequired":true,"valueName":"search_term_string"}}],"inLanguage":"de-DE"}]}},"_links":{"self":[{"href":"https:\/\/www.profil-global.com\/de\/wp-json\/wp\/v2\/pages\/3067","targetHints":{"allow":["GET"]}}],"collection":[{"href":"https:\/\/www.profil-global.com\/de\/wp-json\/wp\/v2\/pages"}],"about":[{"href":"https:\/\/www.profil-global.com\/de\/wp-json\/wp\/v2\/types\/page"}],"author":[{"embeddable":true,"href":"https:\/\/www.profil-global.com\/de\/wp-json\/wp\/v2\/users\/1"}],"replies":[{"embeddable":true,"href":"https:\/\/www.profil-global.com\/de\/wp-json\/wp\/v2\/comments?post=3067"}],"version-history":[{"count":2,"href":"https:\/\/www.profil-global.com\/de\/wp-json\/wp\/v2\/pages\/3067\/revisions"}],"predecessor-version":[{"id":3079,"href":"https:\/\/www.profil-global.com\/de\/wp-json\/wp\/v2\/pages\/3067\/revisions\/3079"}],"wp:attachment":[{"href":"https:\/\/www.profil-global.com\/de\/wp-json\/wp\/v2\/media?parent=3067"}],"curies":[{"name":"wp","href":"https:\/\/api.w.org\/{rel}","templated":true}]}}