{"id":2514,"date":"2024-05-23T15:55:53","date_gmt":"2024-05-23T15:55:53","guid":{"rendered":"https:\/\/www.profil-global.com\/landing-page\/"},"modified":"2024-09-26T20:44:36","modified_gmt":"2024-09-26T20:44:36","slug":"munro-report","status":"publish","type":"page","link":"https:\/\/www.profil-global.com\/de\/munro-report\/","title":{"rendered":"Munro Report"},"content":{"rendered":"  <section class=\"block headline-text bg-primary wp-block-acf-headline-text\">\n    <div class=\"container\">\n      <h1 class=\"headline\">Bew\u00e4hrter Partner der Industrie.\r\nPionier f\u00fcr bessere Befestigungstechnik.<\/h1>    <\/div>\n  <\/section>\n  \n\n<section class=\"block banner wp-block-acf-banner\">\n  <div class=\"swiper-wrapper\">\n            <div class=\"swiper-slide layout-separate background-white-blue\">\n          <!-- <div class=\"overlay\"><\/div> -->\n          <div class=\"container slide-container\"><div class=\"row slide-row\">          <div class=\"slide-media\">\n                          <picture>\n                <source media=\"(min-width:768px)\" srcset=\"https:\/\/www.profil-global.com\/wp-content\/uploads\/2024\/06\/dial-1.png\">                <source media=\"(min-width:576px)\" srcset=\"https:\/\/www.profil-global.com\/wp-content\/uploads\/2024\/06\/dial-1-1024x762.png\">                <img decoding=\"async\" src=\"https:\/\/www.profil-global.com\/wp-content\/uploads\/2024\/06\/dial-1-300x223.png\" alt=\"\">\n              <\/picture>\n                        <\/div>\n          <div class=\"slide-content\">\n                          <div class=\"slide-content-inner\">\n                                                    <h1 class=\"title \">Als 360\u00b0-Systemlieferant bieten wir erstklassigen Kundenservice, auf den die Automobil-OEMs vertrauen.<\/h1>                  <div class=\"text \"><p>Wir liefern nicht nur Elemente, sondern unterst\u00fctzen Sie in jeder Phase der Umsetzung. Erfahrung und Kompetenz machen den Vorteil PROFIL\u00ae.<\/p>\n<p>Bei uns stehen Sie im Mittelpunkt.<\/p>\n<\/div>                                                        <div class=\"progress\">\n                      <div class=\"progress-bar\">\n                      <\/div>\n                    <\/div>\n                                    <\/div>\n                            <\/div>\n            <\/div><\/div>          <\/div>\n                  <div class=\"swiper-slide layout-separate background-white-blue\">\n          <!-- <div class=\"overlay\"><\/div> -->\n          <div class=\"container slide-container\"><div class=\"row slide-row\">          <div class=\"slide-media\">\n                          <picture>\n                <source media=\"(min-width:768px)\" srcset=\"https:\/\/www.profil-global.com\/wp-content\/uploads\/2024\/06\/target-1.png\">                <source media=\"(min-width:576px)\" srcset=\"https:\/\/www.profil-global.com\/wp-content\/uploads\/2024\/06\/target-1-1024x669.png\">                <img decoding=\"async\" src=\"https:\/\/www.profil-global.com\/wp-content\/uploads\/2024\/06\/target-1-300x196.png\" alt=\"\">\n              <\/picture>\n                        <\/div>\n          <div class=\"slide-content\">\n                          <div class=\"slide-content-inner\">\n                                                    <h1 class=\"title \">Kosteneffizienz-branchenf\u00fchrend f\u00fcr Mechanische Befestigunselemente<\/h1>                  <div class=\"text \"><p>Automobil-OEMs, die sich f\u00fcr PROFIL\u00ae entscheiden, sparen durch das F\u00fcgen im Werkzeug Zeit und Kosten, ohne Kompromisse bei der Qualit\u00e4t eingehen zu m\u00fcssen.<\/p>\n<p>99 % unserer OEM-Partner bewerten unseren In-Die-Prozess als einwandfrei.<\/p>\n<\/div>                                                        <div class=\"progress\">\n                      <div class=\"progress-bar\">\n                      <\/div>\n                    <\/div>\n                                    <\/div>\n                            <\/div>\n            <\/div><\/div>          <\/div>\n                  <div class=\"swiper-slide layout-separate background-white-blue\">\n          <!-- <div class=\"overlay\"><\/div> -->\n          <div class=\"container slide-container\"><div class=\"row slide-row\">          <div class=\"slide-media\">\n                          <picture>\n                <source media=\"(min-width:768px)\" srcset=\"https:\/\/www.profil-global.com\/wp-content\/uploads\/2024\/06\/exhibition.png\">                <source media=\"(min-width:576px)\" srcset=\"https:\/\/www.profil-global.com\/wp-content\/uploads\/2024\/06\/exhibition-1024x889.png\">                <img decoding=\"async\" src=\"https:\/\/www.profil-global.com\/wp-content\/uploads\/2024\/06\/exhibition-300x261.png\" alt=\"\">\n              <\/picture>\n                        <\/div>\n          <div class=\"slide-content\">\n                          <div class=\"slide-content-inner\">\n                                                    <h1 class=\"title \">Wettbewerbsvorteil in der Verbindungstechnik<\/h1>                  <div class=\"text \"><p>Verbesserte Verbindungsperformance durch gesteigerte Tragf\u00e4higkeit, Zuverl\u00e4ssigkeit und maximale Flexibilit\u00e4t.<\/p>\n<p>99 % unserer Partner sind \u00fcberzeugt, dass sich der Wechsel zu PROFIL\u00ae Befestigungsl\u00f6sungen positiv auf ihre Effizienz ausgewirkt hat.<\/p>\n<\/div>                                                        <div class=\"progress\">\n                      <div class=\"progress-bar\">\n                      <\/div>\n                    <\/div>\n                                    <\/div>\n                            <\/div>\n            <\/div><\/div>          <\/div>\n                  <div class=\"swiper-slide layout-separate background-white-blue\">\n          <!-- <div class=\"overlay\"><\/div> -->\n          <div class=\"container slide-container\"><div class=\"row slide-row\">          <div class=\"slide-media\">\n                          <picture>\n                <source media=\"(min-width:768px)\" srcset=\"https:\/\/www.profil-global.com\/wp-content\/uploads\/2024\/06\/island-1.png\">                <source media=\"(min-width:576px)\" srcset=\"https:\/\/www.profil-global.com\/wp-content\/uploads\/2024\/06\/island-1-1024x747.png\">                <img decoding=\"async\" src=\"https:\/\/www.profil-global.com\/wp-content\/uploads\/2024\/06\/island-1-300x219.png\" alt=\"\">\n              <\/picture>\n                        <\/div>\n          <div class=\"slide-content\">\n                          <div class=\"slide-content-inner\">\n                                                    <h1 class=\"title \">Starke und nachhaltige Befestigungsl\u00f6sungen &#8211; die nicht die Welt kosten&#8230;<\/h1>                  <div class=\"text \"><p>Der Einsatz von PROFIL\u00ae Elementen spart mindestens 80 % Energie. So schaffen wir eine nachhaltige Industrie und f\u00f6rdern eine gr\u00fcnere Zukunft.<\/p>\n<\/div>                                                        <div class=\"progress\">\n                      <div class=\"progress-bar\">\n                      <\/div>\n                    <\/div>\n                                    <\/div>\n                            <\/div>\n            <\/div><\/div>          <\/div>\n              <\/div>\n    <div class=\"links\">\n      <div class=\"container\">\n        <div class=\"row\">\n                  <\/div>\n      <\/div>\n    <\/div>\n<\/section>\n\n  <section class=\"block text-hsform bg-primary wp-block-acf-text-hsform\">\n    <div class=\"container\">\n      <div class=\"row content-row\">\n        <!-- Text col -->\n        <div class=\"col-12 col-md-6 text-col\">\n          <div class=\"heading\"><p class=\"p1\">Bessere Verbindungselemente.<\/p>\n<p class=\"p1\"><b>Nutzen auch Sie als einer von 9 der 10 f\u00fchrenden OEMs den PROFIL\u00ae Unterschied.<\/b><\/p>\n<\/div>          <div class=\"text\"><p class=\"p1\">Starke, nachhaltige und zuverl\u00e4ssige Mechanische Funktionselemente (MAF) Technologie.<\/p>\n<p class=\"p1\">Wenn Sie sich f\u00fcr PROFIL\u00ae entscheiden, erhalten Sie branchenf\u00fchrende Innovationen, die Kosteneffizienz und Kompatibilit\u00e4t f\u00f6rdern, ohne Kompromisse bei der Qualit\u00e4t einzugehen.<\/p>\n<p class=\"p1\">Laden Sie sich hier den Munro Bericht herunter und erfahren Sie, wie Sie mit PROFIL\u00ae Verbindungsl\u00f6sungen Ihre Produktion steigern und Ihren Prozess rationalisieren k\u00f6nnen.<\/p>\n<\/div>        <\/div>\n        <!-- Form col -->\n        <div class=\"col-12 col-md-6 form-col\">\n          <div class=\"form-wrap\" id=\"hubspot-form-block_f2175359f249ae1a752ab4ddd1cffe95\"><\/div>\n                  <\/div>\n      <\/div>\n    <\/div>\n  <\/section>\n  \n\n  <section class=\"block form-popup-cards wp-block-acf-form-popup-cards\">\n    <div class=\"container\">\n      <h2 class=\"block-heading\">Warum die PROFIL\u00ae MAF-Technologie im Vorteil ist.<\/h2>      <div class=\"row\">\n                  <div class=\"col-12 col-md-6 card-col\">\n            <div class=\"form-popup-card\">\n              <div class=\"card-top\">\n                <h3 class=\"card-heading\">Nachhaltigkeit<\/h3>              <\/div>\n              <div class=\"image-wrap\">\n                <img decoding=\"async\" src=\"https:\/\/www.profil-global.com\/wp-content\/uploads\/2024\/05\/profil_sustainability-300x300.png\" alt=\"\" class=\"\">              <\/div>\n              <div class=\"text-wrap\">\n                <p>80 % weniger Energieverbrauch als beim herk\u00f6mmlichen Schwei\u00dfen bedeutet, dass Sie sich ohne Kompromisse f\u00fcr einen nachhaltigen Weg entscheiden. Dies kommt sowohl den Endverbrauchern als auch den gesetzlichen Anforderungen entgegen.<\/p>\n<p>Und da PROFIL\u00ae in Europa produziert, k\u00f6nnen Sie sicher sein, dass Sie einen geringeren CO2-Fu\u00dfabdruck haben, die Auswirkungen des Klimawandels reduzieren und immer im Rahmen des Carbon Border Adjustment Mechanism (CBAM) arbeiten.<\/p>\n<p>Nehmen Sie Kontakt mit uns auf. Wir zeigen Ihnen, wie wir die Branche in eine gr\u00fcnere Zukunft f\u00fchren.<\/p>\n              <\/div>\n                              <div class=\"button-wrap\">\n                  <!-- Button trigger modal -->\n                  <button class=\"btn btn-outline-primary\" data-bs-toggle=\"modal\"\n                    data-bs-target=\"#form-modal-0\">\n                    Download des Munro Berichts <span class=\"icon-chevron-right\"><\/span>\n                  <\/button>\n                <\/div>\n                            <\/div>\n          <\/div>\n          <!-- Modal -->\n          <div class=\"modal fade form-modal\" id=\"form-modal-0\" tabindex=\"-1\"\n            aria-labelledby=\"form-modal-0Label\" aria-hidden=\"true\">\n            <div class=\"modal-dialog\">\n              <div class=\"modal-content\">\n                <div class=\"modal-header\">\n                  <button type=\"button\" class=\"icon-x1\" data-bs-dismiss=\"modal\" aria-label=\"Schlie\u00dfen Sie\"><\/button>\n                <\/div>\n                <div class=\"modal-body\">\n                  <div class=\"base-styles\"><div class=\"hbspt-form\" id=\"hubspot-form-9239321e-c2e6-4bd4-bd88-7461088371ad-69d5988187739\"><\/div><\/div>                <\/div>\n              <\/div>\n            <\/div>\n          <\/div>\n                    <div class=\"col-12 col-md-6 card-col\">\n            <div class=\"form-popup-card\">\n              <div class=\"card-top\">\n                <h3 class=\"card-heading\">Leistung<\/h3>              <\/div>\n              <div class=\"image-wrap\">\n                <img decoding=\"async\" src=\"https:\/\/www.profil-global.com\/wp-content\/uploads\/2024\/05\/profil_efficiency-300x300.png\" alt=\"\" class=\"\">              <\/div>\n              <div class=\"text-wrap\">\n                <p>Sparen Sie Zeit und Kosten. Einfachere Prozesse und eine schnellere Produktion dank branchenf\u00fchrender Verbindungstechnologie bedeuten, dass Sie Ihren Betrieb erweitern k\u00f6nnen, ohne mehr Energie oder Werkstoffe zu investieren. Und da 99 % unserer OEM-Partner unseren Prozess als \u201eeinwandfrei\u201c bewerten, k\u00f6nnen auch Sie auf PROFIL\u00ae als Ihren Partner vertrauen.<\/p>\n<p>Erfahren Sie mehr \u00fcber Leistungs-Steigerung mit PROFIL\u00ae.<\/p>\n              <\/div>\n                              <div class=\"button-wrap\">\n                  <!-- Button trigger modal -->\n                  <button class=\"btn btn-outline-primary\" data-bs-toggle=\"modal\"\n                    data-bs-target=\"#form-modal-1\">\n                    Download des Munro Berichts <span class=\"icon-chevron-right\"><\/span>\n                  <\/button>\n                <\/div>\n                            <\/div>\n          <\/div>\n          <!-- Modal -->\n          <div class=\"modal fade form-modal\" id=\"form-modal-1\" tabindex=\"-1\"\n            aria-labelledby=\"form-modal-1Label\" aria-hidden=\"true\">\n            <div class=\"modal-dialog\">\n              <div class=\"modal-content\">\n                <div class=\"modal-header\">\n                  <button type=\"button\" class=\"icon-x1\" data-bs-dismiss=\"modal\" aria-label=\"Schlie\u00dfen Sie\"><\/button>\n                <\/div>\n                <div class=\"modal-body\">\n                  <div class=\"base-styles\"><div class=\"hbspt-form\" id=\"hubspot-form-9239321e-c2e6-4bd4-bd88-7461088371ad-69d59881878f0\"><\/div><\/div>                <\/div>\n              <\/div>\n            <\/div>\n          <\/div>\n                    <div class=\"col-12 col-md-6 card-col\">\n            <div class=\"form-popup-card\">\n              <div class=\"card-top\">\n                <h3 class=\"card-heading\">Qualit\u00e4t und Kompetenz<\/h3>              <\/div>\n              <div class=\"image-wrap\">\n                <img decoding=\"async\" src=\"https:\/\/www.profil-global.com\/wp-content\/uploads\/2024\/05\/profil_performance-300x300.png\" alt=\"\" class=\"\">              <\/div>\n              <div class=\"text-wrap\">\n                <p>PROFIL\u00ae-Verbindungen wurden entwickelt, um flexibler zu sein, robuste und zuverl\u00e4ssige Befestigungen zu schaffen, rauen Umgebungen zu widerstehen und hochfeste Materialien zu verbinden. Profitieren Sie von einer zuverl\u00e4ssigeren, leichteren und langlebigeren Verbindungstechnologie in einer sichereren Produktionsumgebung. 99 % unserer Partner vertrauen auf PROFIL\u00ae.<\/p>\n<p>Kontaktieren Sie uns, um etwas zu ver\u00e4ndern.<\/p>\n              <\/div>\n                              <div class=\"button-wrap\">\n                  <!-- Button trigger modal -->\n                  <button class=\"btn btn-outline-primary\" data-bs-toggle=\"modal\"\n                    data-bs-target=\"#form-modal-2\">\n                    Download des Munro Berichts <span class=\"icon-chevron-right\"><\/span>\n                  <\/button>\n                <\/div>\n                            <\/div>\n          <\/div>\n          <!-- Modal -->\n          <div class=\"modal fade form-modal\" id=\"form-modal-2\" tabindex=\"-1\"\n            aria-labelledby=\"form-modal-2Label\" aria-hidden=\"true\">\n            <div class=\"modal-dialog\">\n              <div class=\"modal-content\">\n                <div class=\"modal-header\">\n                  <button type=\"button\" class=\"icon-x1\" data-bs-dismiss=\"modal\" aria-label=\"Schlie\u00dfen Sie\"><\/button>\n                <\/div>\n                <div class=\"modal-body\">\n                  <div class=\"base-styles\"><div class=\"hbspt-form\" id=\"hubspot-form-9239321e-c2e6-4bd4-bd88-7461088371ad-69d5988187a4d\"><\/div><\/div>                <\/div>\n              <\/div>\n            <\/div>\n          <\/div>\n                    <div class=\"col-12 col-md-6 card-col\">\n            <div class=\"form-popup-card\">\n              <div class=\"card-top\">\n                <h3 class=\"card-heading\">Partnerschaftliche Zusammenarbeit &#038; Know-How<\/h3>              <\/div>\n              <div class=\"image-wrap\">\n                <img decoding=\"async\" src=\"https:\/\/www.profil-global.com\/wp-content\/uploads\/2024\/05\/profil_partnership-300x300.png\" alt=\"\" class=\"\">              <\/div>\n              <div class=\"text-wrap\">\n                <p>Wenn Sie mit PROFIL\u00ae zusammenarbeiten, profitieren Sie von branchenf\u00fchrender Fertigungsqualit\u00e4t und einer erstklassigen Kundenerfahrung. Mit 6,9 Millionen installierten Teilen pro Tag und einem einzigartigen, auf jeden Partner zugeschnittenen Kundenservice unterst\u00fctzen wir die Automobilindustrie dabei, neue Ma\u00dfst\u00e4be f\u00fcr Innovation und Qualit\u00e4t zu setzen. Aus diesem Grund bewerten 100 % der PROFIL\u00ae-Kunden die Kundenzufriedenheit als einwandfrei.<\/p>\n<p>Kontaktieren Sie uns.<\/p>\n              <\/div>\n                              <div class=\"button-wrap\">\n                  <!-- Button trigger modal -->\n                  <button class=\"btn btn-outline-primary\" data-bs-toggle=\"modal\"\n                    data-bs-target=\"#form-modal-3\">\n                    Download des Munro Berichts <span class=\"icon-chevron-right\"><\/span>\n                  <\/button>\n                <\/div>\n                            <\/div>\n          <\/div>\n          <!-- Modal -->\n          <div class=\"modal fade form-modal\" id=\"form-modal-3\" tabindex=\"-1\"\n            aria-labelledby=\"form-modal-3Label\" aria-hidden=\"true\">\n            <div class=\"modal-dialog\">\n              <div class=\"modal-content\">\n                <div class=\"modal-header\">\n                  <button type=\"button\" class=\"icon-x1\" data-bs-dismiss=\"modal\" aria-label=\"Schlie\u00dfen Sie\"><\/button>\n                <\/div>\n                <div class=\"modal-body\">\n                  <div class=\"base-styles\"><div class=\"hbspt-form\" id=\"hubspot-form-9239321e-c2e6-4bd4-bd88-7461088371ad-69d5988187b7a\"><\/div><\/div>                <\/div>\n              <\/div>\n            <\/div>\n          <\/div>\n                <\/div>\n    <\/div>\n  <\/section>\n  \n\n  <section class=\"block text-image  order-text-image wp-block-acf-text-image\">\n    <div class=\"background\"><\/div>\n    <div class=\"container\">\n      <div class=\"row content-row\">\n        <!-- Text col -->\n        <div class=\"col-12 col-md-6 text-col\">\n                    <h2 class=\"block-heading d-none d-md-block\">Finden Sie Ihren Wettbewerbsvorteil im e-Mobilit\u00e4tsmarkt. Sprechen Sie mit uns.<\/h2>          <div class=\"text\"><p>Als Weltmarktf\u00fchrer im Bereich MAF nutzen wir 80 Jahre Innovation, um die Herstellung von eMobilit\u00e4t voranzutreiben.<\/p>\n<p>PROFIL\u00ae unterst\u00fctzt Sie bei der Gewichtseinsparung, der Konnektivit\u00e4t und der Best\u00e4ndigkeit der Schl\u00fcsselelemente der Elektromobilit\u00e4t. Von Batterief\u00e4chern f\u00fcr Elektrofahrzeuge \u00fcber Ladestationen und Batteriespeichersysteme eines Fahrzeugs. PROFIL\u00ae-L\u00f6sungen bieten un\u00fcbertroffene Leistung, Effizienz, Qualit\u00e4t und Sicherheit.<\/p>\n<p>Und mit den PROFIL\u00ae-Zusatzleistungen wie Pr\u00fcfung und Schulung haben Sie einen vertrauensw\u00fcrdigen und kompetenten Partner.<\/p>\n<\/div>                  <\/div>\n        <!-- Image col -->\n        <div class=\"col-12 col-md-6 image-col\">\n          <!-- Headings for mobile -->\n                    <h2 class=\"block-heading d-md-none\">Finden Sie Ihren Wettbewerbsvorteil im e-Mobilit\u00e4tsmarkt. Sprechen Sie mit uns.<\/h2>          <img decoding=\"async\" src=\"https:\/\/www.profil-global.com\/wp-content\/uploads\/2024\/05\/landing-page-1.png\" alt=\"\" class=\"object-fit-cover\">        <\/div>\n      <\/div>\n    <\/div>\n  <\/section>\n  \n\n  <section class=\"block text-hsform bg-primary-light wp-block-acf-text-hsform\">\n    <div class=\"container\">\n      <div class=\"row content-row\">\n        <!-- Text col -->\n        <div class=\"col-12 col-md-6 text-col\">\n          <div class=\"heading\"><p>Partnerschaft mit den Besten.<\/p>\n<p>Partnerschaft mit PROFIL.<\/p>\n<\/div>                  <\/div>\n        <!-- Form col -->\n        <div class=\"col-12 col-md-6 form-col\">\n          <div class=\"form-wrap\" id=\"hubspot-form-block_36aea09da2397af29becf4fdde722386\"><\/div>\n                  <\/div>\n      <\/div>\n    <\/div>\n  <\/section>\n  ","protected":false},"excerpt":{"rendered":"","protected":false},"author":1,"featured_media":0,"parent":0,"menu_order":0,"comment_status":"closed","ping_status":"closed","template":"page-templates\/landing-page.php","meta":{"_acf_changed":false,"footnotes":""},"class_list":["post-2514","page","type-page","status-publish","hentry"],"acf":[],"yoast_head":"<!-- This site is optimized with the Yoast SEO plugin v26.7 - https:\/\/yoast.com\/wordpress\/plugins\/seo\/ -->\n<title>Munro Report | PROFIL\u00ae<\/title>\n<meta name=\"description\" content=\"Wettbewerbsvorteil mit PROFIL\u00ae\" \/>\n<meta name=\"robots\" content=\"index, follow, max-snippet:-1, max-image-preview:large, max-video-preview:-1\" \/>\n<link rel=\"canonical\" href=\"https:\/\/www.profil-global.com\/de\/munro-report\/\" \/>\n<meta property=\"og:locale\" content=\"de_DE\" \/>\n<meta property=\"og:type\" content=\"article\" \/>\n<meta property=\"og:title\" content=\"Munro Report | PROFIL\u00ae\" \/>\n<meta property=\"og:description\" content=\"Wettbewerbsvorteil mit PROFIL\u00ae\" \/>\n<meta property=\"og:url\" content=\"https:\/\/www.profil-global.com\/de\/munro-report\/\" \/>\n<meta property=\"og:site_name\" content=\"PROFIL\u00ae\" \/>\n<meta property=\"article:modified_time\" content=\"2024-09-26T20:44:36+00:00\" \/>\n<meta name=\"twitter:card\" content=\"summary_large_image\" \/>\n<script type=\"application\/ld+json\" class=\"yoast-schema-graph\">{\"@context\":\"https:\/\/schema.org\",\"@graph\":[{\"@type\":\"WebPage\",\"@id\":\"https:\/\/www.profil-global.com\/de\/munro-report\/\",\"url\":\"https:\/\/www.profil-global.com\/de\/munro-report\/\",\"name\":\"Munro Report | PROFIL\u00ae\",\"isPartOf\":{\"@id\":\"https:\/\/www.profil-global.com\/de\/#website\"},\"datePublished\":\"2024-05-23T15:55:53+00:00\",\"dateModified\":\"2024-09-26T20:44:36+00:00\",\"description\":\"Wettbewerbsvorteil mit PROFIL\u00ae\",\"breadcrumb\":{\"@id\":\"https:\/\/www.profil-global.com\/de\/munro-report\/#breadcrumb\"},\"inLanguage\":\"de-DE\",\"potentialAction\":[{\"@type\":\"ReadAction\",\"target\":[\"https:\/\/www.profil-global.com\/de\/munro-report\/\"]}]},{\"@type\":\"BreadcrumbList\",\"@id\":\"https:\/\/www.profil-global.com\/de\/munro-report\/#breadcrumb\",\"itemListElement\":[{\"@type\":\"ListItem\",\"position\":1,\"name\":\"Home\",\"item\":\"https:\/\/www.profil-global.com\/de\/\"},{\"@type\":\"ListItem\",\"position\":2,\"name\":\"Munro Report\"}]},{\"@type\":\"WebSite\",\"@id\":\"https:\/\/www.profil-global.com\/de\/#website\",\"url\":\"https:\/\/www.profil-global.com\/de\/\",\"name\":\"PROFIL\u00ae fastening technology\",\"description\":\"\",\"potentialAction\":[{\"@type\":\"SearchAction\",\"target\":{\"@type\":\"EntryPoint\",\"urlTemplate\":\"https:\/\/www.profil-global.com\/de\/?s={search_term_string}\"},\"query-input\":{\"@type\":\"PropertyValueSpecification\",\"valueRequired\":true,\"valueName\":\"search_term_string\"}}],\"inLanguage\":\"de-DE\"}]}<\/script>\n<!-- \/ Yoast SEO plugin. -->","yoast_head_json":{"title":"Munro Report | PROFIL\u00ae","description":"Wettbewerbsvorteil mit PROFIL\u00ae","robots":{"index":"index","follow":"follow","max-snippet":"max-snippet:-1","max-image-preview":"max-image-preview:large","max-video-preview":"max-video-preview:-1"},"canonical":"https:\/\/www.profil-global.com\/de\/munro-report\/","og_locale":"de_DE","og_type":"article","og_title":"Munro Report | PROFIL\u00ae","og_description":"Wettbewerbsvorteil mit PROFIL\u00ae","og_url":"https:\/\/www.profil-global.com\/de\/munro-report\/","og_site_name":"PROFIL\u00ae","article_modified_time":"2024-09-26T20:44:36+00:00","twitter_card":"summary_large_image","schema":{"@context":"https:\/\/schema.org","@graph":[{"@type":"WebPage","@id":"https:\/\/www.profil-global.com\/de\/munro-report\/","url":"https:\/\/www.profil-global.com\/de\/munro-report\/","name":"Munro Report | PROFIL\u00ae","isPartOf":{"@id":"https:\/\/www.profil-global.com\/de\/#website"},"datePublished":"2024-05-23T15:55:53+00:00","dateModified":"2024-09-26T20:44:36+00:00","description":"Wettbewerbsvorteil mit PROFIL\u00ae","breadcrumb":{"@id":"https:\/\/www.profil-global.com\/de\/munro-report\/#breadcrumb"},"inLanguage":"de-DE","potentialAction":[{"@type":"ReadAction","target":["https:\/\/www.profil-global.com\/de\/munro-report\/"]}]},{"@type":"BreadcrumbList","@id":"https:\/\/www.profil-global.com\/de\/munro-report\/#breadcrumb","itemListElement":[{"@type":"ListItem","position":1,"name":"Home","item":"https:\/\/www.profil-global.com\/de\/"},{"@type":"ListItem","position":2,"name":"Munro Report"}]},{"@type":"WebSite","@id":"https:\/\/www.profil-global.com\/de\/#website","url":"https:\/\/www.profil-global.com\/de\/","name":"PROFIL\u00ae fastening technology","description":"","potentialAction":[{"@type":"SearchAction","target":{"@type":"EntryPoint","urlTemplate":"https:\/\/www.profil-global.com\/de\/?s={search_term_string}"},"query-input":{"@type":"PropertyValueSpecification","valueRequired":true,"valueName":"search_term_string"}}],"inLanguage":"de-DE"}]}},"_links":{"self":[{"href":"https:\/\/www.profil-global.com\/de\/wp-json\/wp\/v2\/pages\/2514","targetHints":{"allow":["GET"]}}],"collection":[{"href":"https:\/\/www.profil-global.com\/de\/wp-json\/wp\/v2\/pages"}],"about":[{"href":"https:\/\/www.profil-global.com\/de\/wp-json\/wp\/v2\/types\/page"}],"author":[{"embeddable":true,"href":"https:\/\/www.profil-global.com\/de\/wp-json\/wp\/v2\/users\/1"}],"replies":[{"embeddable":true,"href":"https:\/\/www.profil-global.com\/de\/wp-json\/wp\/v2\/comments?post=2514"}],"version-history":[{"count":16,"href":"https:\/\/www.profil-global.com\/de\/wp-json\/wp\/v2\/pages\/2514\/revisions"}],"predecessor-version":[{"id":4671,"href":"https:\/\/www.profil-global.com\/de\/wp-json\/wp\/v2\/pages\/2514\/revisions\/4671"}],"wp:attachment":[{"href":"https:\/\/www.profil-global.com\/de\/wp-json\/wp\/v2\/media?parent=2514"}],"curies":[{"name":"wp","href":"https:\/\/api.w.org\/{rel}","templated":true}]}}