{"id":1787,"date":"2024-05-20T08:08:58","date_gmt":"2024-05-20T08:08:58","guid":{"rendered":"https:\/\/www.profil-global.com\/profil-advantage\/"},"modified":"2024-07-30T13:37:23","modified_gmt":"2024-07-30T13:37:23","slug":"profil-advantage","status":"publish","type":"page","link":"https:\/\/www.profil-global.com\/de\/profil-advantage\/","title":{"rendered":"Vorteil PROFIL\u00ae"},"content":{"rendered":"<section class=\"block form-banner wp-block-acf-form-banner\">\n  <div class=\"container\">\n    <div class=\"row\">\n      <!-- Text col -->\n      <div class=\"col-12 col-md-6 text-col\">\n                <h1 class=\"title\">Vorteil PROFIL\u00ae<\/h1>        <p class=\"text\">Die weltweit f\u00fchrenden Automobilhersteller setzen auf die hochwertigen Verbindungselemente von PROFIL\u00ae. F\u00fcr nahezu jede strukturelle Anwendung in aktuellen und zuk\u00fcnftigen  Karosseriearchitekturen bietet PROFIL\u00ae eine kosteneffiziente Befestigungsl\u00f6sung.<\/p>      <\/div>\n      <!-- Form col -->\n      <div class=\"col-12 col-md-6\" id=\"hubspot-form-block_697bd4501cc4d0e3f37c718353d9b2be\">\n              <\/div>\n    <\/div>\n  <\/div>\n<\/section>\n\n  <section class=\"block custom-faqs wp-block-acf-custom-faqs\">\n    <div class=\"container\">\n      <div class=\"heading-section\">\n                <h2 class=\"block-heading\">Kosteng\u00fcnstige und leistungsstarke Alternative zum Schwei\u00dfen<\/h2>        <p class=\"block-intro\">Mechanische Funktionselemente von PROFIL\u00ae bieten viele Vorteile gegen\u00fcber konventionellen Schwei\u00dfelementen &#8211; beginnend bei einer gr\u00f6\u00dferen Designflexibilit\u00e4t bis hin zum Vollautomatisierten F\u00fcgen bereits w\u00e4hrend der Bauteilformgebung in der Presse.<br \/>\r\n<\/p>      <\/div>\n\n              <div class=\"accordion\" id=\"custom-faq-accordion\">\n                      <div class=\"accordion-item\">\n              <div class=\"accordion-header\" id=\"heading-0\">\n                <button class=\"accordion-button with-tick\" type=\"button\" data-bs-toggle=\"collapse\" data-bs-target=\"#collapse-0\"\n                  aria-expanded=\"false\" aria-controls=\"collapse-0\">\n                  <span class=\"text-wrap\">\n                    Kostensparende Vollautomatische Verarbeitung                    <span class=\"question-detail\">Die einstufige Vollautomatische Verarbeitung eliminiert sekund\u00e4re Arbeitsschritte, erh\u00f6ht den Durchsatz und senkt die Kosten.<\/span>                  <\/span>\n                <\/button>\n              <\/div>\n              <div id=\"collapse-0\" class=\"accordion-collapse collapse\" aria-labelledby=\"heading-0\"\n                data-bs-parent=\"#custom-faq-accordion\">\n                <div class=\"accordion-body with-bulb\">\n                Die sekund\u00e4ren Prozesse erfordern mehr Produktionszeit und -energie.                <\/div>\n              <\/div>\n            <\/div>\n                        <div class=\"accordion-item\">\n              <div class=\"accordion-header\" id=\"heading-1\">\n                <button class=\"accordion-button with-tick\" type=\"button\" data-bs-toggle=\"collapse\" data-bs-target=\"#collapse-1\"\n                  aria-expanded=\"false\" aria-controls=\"collapse-1\">\n                  <span class=\"text-wrap\">\n                    Verbindung ungleicher Materialien                    <span class=\"question-detail\">Kann in verschiedenen Materialien wie Stahl, HSS, Sandwichblechen, warmverformbarem Stahl, Aluminium, Magnesium, Druckgussmaterial und Kohlefaser befestigt werden.<\/span>                  <\/span>\n                <\/button>\n              <\/div>\n              <div id=\"collapse-1\" class=\"accordion-collapse collapse\" aria-labelledby=\"heading-1\"\n                data-bs-parent=\"#custom-faq-accordion\">\n                <div class=\"accordion-body with-bulb\">\n                Das Schwei\u00dfen kann nur an gleichartigen Materialien durchgef\u00fchrt werden.                <\/div>\n              <\/div>\n            <\/div>\n                        <div class=\"accordion-item\">\n              <div class=\"accordion-header\" id=\"heading-2\">\n                <button class=\"accordion-button with-tick\" type=\"button\" data-bs-toggle=\"collapse\" data-bs-target=\"#collapse-2\"\n                  aria-expanded=\"false\" aria-controls=\"collapse-2\">\n                  <span class=\"text-wrap\">\n                    Wasserdichte Verbindungen                    <span class=\"question-detail\">Erzeugt eine zuverl\u00e4ssige, lecksichere Dichtung in Aluminium- und Stahlanwendungen und verhindert das Eindringen von Wasser.<\/span>                  <\/span>\n                <\/button>\n              <\/div>\n              <div id=\"collapse-2\" class=\"accordion-collapse collapse\" aria-labelledby=\"heading-2\"\n                data-bs-parent=\"#custom-faq-accordion\">\n                <div class=\"accordion-body with-bulb\">\n                Wasserdichtheit ist mit Schwei\u00dfverbindungen schwer zu erreichen, was zu Wassersch\u00e4den und Korrosion durch Witterungseinfl\u00fcsse f\u00fchrt.                <\/div>\n              <\/div>\n            <\/div>\n                        <div class=\"accordion-item\">\n              <div class=\"accordion-header\" id=\"heading-3\">\n                <button class=\"accordion-button with-tick\" type=\"button\" data-bs-toggle=\"collapse\" data-bs-target=\"#collapse-3\"\n                  aria-expanded=\"false\" aria-controls=\"collapse-3\">\n                  <span class=\"text-wrap\">\n                    St\u00e4rkere Verbindungen                    <span class=\"question-detail\">Durch das Fehlen einer W\u00e4rmequelle (die f\u00fcr eine Schwei\u00dfverbindung erforderlich ist) entstehen keine Schwachstellen durch thermische Einwirkung.<\/span>                  <\/span>\n                <\/button>\n              <\/div>\n              <div id=\"collapse-3\" class=\"accordion-collapse collapse\" aria-labelledby=\"heading-3\"\n                data-bs-parent=\"#custom-faq-accordion\">\n                <div class=\"accordion-body with-bulb\">\n                Der Schwei\u00dfprozess erh\u00f6ht die Gefahr von thermischen Spannungen oder Gl\u00fchen                <\/div>\n              <\/div>\n            <\/div>\n                        <div class=\"accordion-item\">\n              <div class=\"accordion-header\" id=\"heading-4\">\n                <button class=\"accordion-button with-tick\" type=\"button\" data-bs-toggle=\"collapse\" data-bs-target=\"#collapse-4\"\n                  aria-expanded=\"false\" aria-controls=\"collapse-4\">\n                  <span class=\"text-wrap\">\n                    Reduziertes Gewicht                    <span class=\"question-detail\">Eine mechanisch befestigte Mutter ist in der Regel leichter als eine geschwei\u00dfte Mutter bei vergleichbarer Leistung.<\/span>                  <\/span>\n                <\/button>\n              <\/div>\n              <div id=\"collapse-4\" class=\"accordion-collapse collapse\" aria-labelledby=\"heading-4\"\n                data-bs-parent=\"#custom-faq-accordion\">\n                <div class=\"accordion-body with-bulb\">\n                Der Schwei\u00dfvorgang erh\u00f6ht das Gewicht des Fahrzeugs.                <\/div>\n              <\/div>\n            <\/div>\n                        <div class=\"accordion-item\">\n              <div class=\"accordion-header\" id=\"heading-5\">\n                <button class=\"accordion-button with-tick\" type=\"button\" data-bs-toggle=\"collapse\" data-bs-target=\"#collapse-5\"\n                  aria-expanded=\"false\" aria-controls=\"collapse-5\">\n                  <span class=\"text-wrap\">\n                    Montage in beschichteten Blechen                    <span class=\"question-detail\">Einbau eines beschichteten Verbindungselements in ein Blech ohne Besch\u00e4digung der Beschichtung des Verbindungselements oder der E-Beschichtung des Blechs.<\/span>                  <\/span>\n                <\/button>\n              <\/div>\n              <div id=\"collapse-5\" class=\"accordion-collapse collapse\" aria-labelledby=\"heading-5\"\n                data-bs-parent=\"#custom-faq-accordion\">\n                <div class=\"accordion-body with-bulb\">\n                Der Schwei\u00dfvorgang brennt die vorhandenen Beschichtungen ab und f\u00f6rdert die Korrosion von Befestigungselement und Blech.                <\/div>\n              <\/div>\n            <\/div>\n                        <div class=\"accordion-item\">\n              <div class=\"accordion-header\" id=\"heading-6\">\n                <button class=\"accordion-button with-tick\" type=\"button\" data-bs-toggle=\"collapse\" data-bs-target=\"#collapse-6\"\n                  aria-expanded=\"false\" aria-controls=\"collapse-6\">\n                  <span class=\"text-wrap\">\n                    Technischer Support mit umfassendem Service                    <span class=\"question-detail\"> PROFIL\u00ae bietet umfassende Dienstleistungen &#8211; Anwendungstechnik, Werkzeugbau, Fertigung, Schulung, technischer Support.<\/span>                  <\/span>\n                <\/button>\n              <\/div>\n              <div id=\"collapse-6\" class=\"accordion-collapse collapse\" aria-labelledby=\"heading-6\"\n                data-bs-parent=\"#custom-faq-accordion\">\n                <div class=\"accordion-body with-bulb\">\n                Die Hersteller von Schwei\u00dfbefestigungen bieten in der Regel keine Design- und technischen Supportleistungen an.                <\/div>\n              <\/div>\n            <\/div>\n                    <\/div>\n            <\/div>\n  <\/section>\n  \n\n  <section class=\"block image-text-cards wp-block-acf-image-text-cards\">\n    <div class=\"container content-container\">\n      <header class='heading-container'><h2 class='block-heading'>Ihr Partner f\u00fcr technische L\u00f6sungen<\/h2><\/header>      <div class=\"cards-container columns-4\">\n            <div class=\"card card-image-text\">\n        <div class=\"card-body\">\n            <div class=\"img-container\">\n                <img src='https:\/\/www.profil-global.com\/wp-content\/uploads\/2024\/05\/paged-carousel.jpg' alt=''>            <\/div>\n            <div class=\"text-container\">\n                <h3 class='card-heading'>Technische Beratung &#038; Service f\u00fcr OEMs und die <br \/>\r\nAutomobilzulieferer-industrie<\/h3>                <p class='card-subheading'>Als Systemlieferant konstruieren und liefern wir die passende vollautomatisierte Verarbeitungstechnik, die auf die individuelle Fertigung unserer Kunden abgestimmt ist.<\/p>            <\/div>\n        <\/div>\n    <\/div>\n    <div class=\"card card-image-text\">\n        <div class=\"card-body\">\n            <div class=\"img-container\">\n                <img src='https:\/\/www.profil-global.com\/wp-content\/uploads\/2024\/05\/430x430-manufacturing.webp' alt=''>            <\/div>\n            <div class=\"text-container\">\n                <h3 class='card-heading'>Entwicklung und Produktion<\/h3>                <p class='card-subheading'>Das durchschnittliche Produktionsvolumen von PROFIL\u00ae Funktionselementen bel\u00e4uft sich j\u00e4hrlich auf rund 1,8 Mrd. Teile. Neben Niet- und Einpresselementen werden weltweit an drei Produktionsstandorten Stanzmuttern und -bolzen gefertigt.<\/p>            <\/div>\n        <\/div>\n    <\/div>\n    <div class=\"card card-image-text\">\n        <div class=\"card-body\">\n            <div class=\"img-container\">\n                <img src='https:\/\/www.profil-global.com\/wp-content\/uploads\/2024\/05\/430x430-engineering.webp' alt=''>            <\/div>\n            <div class=\"text-container\">\n                <h3 class='card-heading'>Anwendungstechnische Beratung<\/h3>                <p class='card-subheading'>Kundenspezifische Probleml\u00f6sungen erarbeiten wir weltweit durch Beratung, Entwicklung und Service auch vor Ort.<\/p>            <\/div>\n        <\/div>\n    <\/div>\n    <div class=\"card card-image-text\">\n        <div class=\"card-body\">\n            <div class=\"img-container\">\n                <img src='https:\/\/www.profil-global.com\/wp-content\/uploads\/2024\/06\/430x430-technical-support-de.jpg' alt=''>            <\/div>\n            <div class=\"text-container\">\n                <h3 class='card-heading'>Kundendienst und technische Beratung<\/h3>                <p class='card-subheading'>Weltweite Experten f\u00fcr Anwendungstechnik und umfassende Testlaborkapazit\u00e4ten<\/p>            <\/div>\n        <\/div>\n    <\/div>\n      <\/div>\n    <\/div>\n  <\/section>\n  ","protected":false},"excerpt":{"rendered":"","protected":false},"author":1,"featured_media":0,"parent":0,"menu_order":0,"comment_status":"closed","ping_status":"closed","template":"","meta":{"_acf_changed":false,"footnotes":""},"class_list":["post-1787","page","type-page","status-publish","hentry"],"acf":[],"yoast_head":"<!-- This site is optimized with the Yoast SEO plugin v26.7 - https:\/\/yoast.com\/wordpress\/plugins\/seo\/ -->\n<title>Alternativen zum Schwei\u00dfen | Vorteil PROFIL | PROFIL\u00ae Verbindungstechnik<\/title>\n<meta name=\"description\" content=\"Mechanische Funktionselemente bieten Vorteile gegen\u00fcber konventionellen Schwei\u00dfelementen \u2013 bei gr\u00f6\u00dferer Designflexibilit\u00e4t bis hin zum Vollautomatisierten F\u00fcgen bereits w\u00e4hrend der Bauteilformgebung in der Presse.\" \/>\n<meta name=\"robots\" content=\"index, follow, max-snippet:-1, max-image-preview:large, max-video-preview:-1\" \/>\n<link rel=\"canonical\" href=\"https:\/\/www.profil-global.com\/de\/profil-advantage\/\" \/>\n<meta property=\"og:locale\" content=\"de_DE\" \/>\n<meta property=\"og:type\" content=\"article\" \/>\n<meta property=\"og:title\" content=\"Alternativen zum Schwei\u00dfen | Vorteil PROFIL | PROFIL\u00ae Verbindungstechnik\" \/>\n<meta property=\"og:description\" content=\"Mechanische Funktionselemente bieten Vorteile gegen\u00fcber konventionellen Schwei\u00dfelementen \u2013 bei gr\u00f6\u00dferer Designflexibilit\u00e4t bis hin zum Vollautomatisierten F\u00fcgen bereits w\u00e4hrend der Bauteilformgebung in der Presse.\" \/>\n<meta property=\"og:url\" content=\"https:\/\/www.profil-global.com\/de\/profil-advantage\/\" \/>\n<meta property=\"og:site_name\" content=\"PROFIL\u00ae\" \/>\n<meta property=\"article:modified_time\" content=\"2024-07-30T13:37:23+00:00\" \/>\n<meta name=\"twitter:card\" content=\"summary_large_image\" \/>\n<script type=\"application\/ld+json\" class=\"yoast-schema-graph\">{\"@context\":\"https:\/\/schema.org\",\"@graph\":[{\"@type\":\"WebPage\",\"@id\":\"https:\/\/www.profil-global.com\/de\/profil-advantage\/\",\"url\":\"https:\/\/www.profil-global.com\/de\/profil-advantage\/\",\"name\":\"Alternativen zum Schwei\u00dfen | Vorteil PROFIL | PROFIL\u00ae Verbindungstechnik\",\"isPartOf\":{\"@id\":\"https:\/\/www.profil-global.com\/de\/#website\"},\"datePublished\":\"2024-05-20T08:08:58+00:00\",\"dateModified\":\"2024-07-30T13:37:23+00:00\",\"description\":\"Mechanische Funktionselemente bieten Vorteile gegen\u00fcber konventionellen Schwei\u00dfelementen \u2013 bei gr\u00f6\u00dferer Designflexibilit\u00e4t bis hin zum Vollautomatisierten F\u00fcgen bereits w\u00e4hrend der Bauteilformgebung in der Presse.\",\"breadcrumb\":{\"@id\":\"https:\/\/www.profil-global.com\/de\/profil-advantage\/#breadcrumb\"},\"inLanguage\":\"de-DE\",\"potentialAction\":[{\"@type\":\"ReadAction\",\"target\":[\"https:\/\/www.profil-global.com\/de\/profil-advantage\/\"]}]},{\"@type\":\"BreadcrumbList\",\"@id\":\"https:\/\/www.profil-global.com\/de\/profil-advantage\/#breadcrumb\",\"itemListElement\":[{\"@type\":\"ListItem\",\"position\":1,\"name\":\"Home\",\"item\":\"https:\/\/www.profil-global.com\/de\/\"},{\"@type\":\"ListItem\",\"position\":2,\"name\":\"Vorteil PROFIL\u00ae\"}]},{\"@type\":\"WebSite\",\"@id\":\"https:\/\/www.profil-global.com\/de\/#website\",\"url\":\"https:\/\/www.profil-global.com\/de\/\",\"name\":\"PROFIL\u00ae fastening technology\",\"description\":\"\",\"potentialAction\":[{\"@type\":\"SearchAction\",\"target\":{\"@type\":\"EntryPoint\",\"urlTemplate\":\"https:\/\/www.profil-global.com\/de\/?s={search_term_string}\"},\"query-input\":{\"@type\":\"PropertyValueSpecification\",\"valueRequired\":true,\"valueName\":\"search_term_string\"}}],\"inLanguage\":\"de-DE\"}]}<\/script>\n<!-- \/ Yoast SEO plugin. -->","yoast_head_json":{"title":"Alternativen zum Schwei\u00dfen | Vorteil PROFIL | PROFIL\u00ae Verbindungstechnik","description":"Mechanische Funktionselemente bieten Vorteile gegen\u00fcber konventionellen Schwei\u00dfelementen \u2013 bei gr\u00f6\u00dferer Designflexibilit\u00e4t bis hin zum Vollautomatisierten F\u00fcgen bereits w\u00e4hrend der Bauteilformgebung in der Presse.","robots":{"index":"index","follow":"follow","max-snippet":"max-snippet:-1","max-image-preview":"max-image-preview:large","max-video-preview":"max-video-preview:-1"},"canonical":"https:\/\/www.profil-global.com\/de\/profil-advantage\/","og_locale":"de_DE","og_type":"article","og_title":"Alternativen zum Schwei\u00dfen | Vorteil PROFIL | PROFIL\u00ae Verbindungstechnik","og_description":"Mechanische Funktionselemente bieten Vorteile gegen\u00fcber konventionellen Schwei\u00dfelementen \u2013 bei gr\u00f6\u00dferer Designflexibilit\u00e4t bis hin zum Vollautomatisierten F\u00fcgen bereits w\u00e4hrend der Bauteilformgebung in der Presse.","og_url":"https:\/\/www.profil-global.com\/de\/profil-advantage\/","og_site_name":"PROFIL\u00ae","article_modified_time":"2024-07-30T13:37:23+00:00","twitter_card":"summary_large_image","schema":{"@context":"https:\/\/schema.org","@graph":[{"@type":"WebPage","@id":"https:\/\/www.profil-global.com\/de\/profil-advantage\/","url":"https:\/\/www.profil-global.com\/de\/profil-advantage\/","name":"Alternativen zum Schwei\u00dfen | Vorteil PROFIL | PROFIL\u00ae Verbindungstechnik","isPartOf":{"@id":"https:\/\/www.profil-global.com\/de\/#website"},"datePublished":"2024-05-20T08:08:58+00:00","dateModified":"2024-07-30T13:37:23+00:00","description":"Mechanische Funktionselemente bieten Vorteile gegen\u00fcber konventionellen Schwei\u00dfelementen \u2013 bei gr\u00f6\u00dferer Designflexibilit\u00e4t bis hin zum Vollautomatisierten F\u00fcgen bereits w\u00e4hrend der Bauteilformgebung in der Presse.","breadcrumb":{"@id":"https:\/\/www.profil-global.com\/de\/profil-advantage\/#breadcrumb"},"inLanguage":"de-DE","potentialAction":[{"@type":"ReadAction","target":["https:\/\/www.profil-global.com\/de\/profil-advantage\/"]}]},{"@type":"BreadcrumbList","@id":"https:\/\/www.profil-global.com\/de\/profil-advantage\/#breadcrumb","itemListElement":[{"@type":"ListItem","position":1,"name":"Home","item":"https:\/\/www.profil-global.com\/de\/"},{"@type":"ListItem","position":2,"name":"Vorteil PROFIL\u00ae"}]},{"@type":"WebSite","@id":"https:\/\/www.profil-global.com\/de\/#website","url":"https:\/\/www.profil-global.com\/de\/","name":"PROFIL\u00ae fastening technology","description":"","potentialAction":[{"@type":"SearchAction","target":{"@type":"EntryPoint","urlTemplate":"https:\/\/www.profil-global.com\/de\/?s={search_term_string}"},"query-input":{"@type":"PropertyValueSpecification","valueRequired":true,"valueName":"search_term_string"}}],"inLanguage":"de-DE"}]}},"_links":{"self":[{"href":"https:\/\/www.profil-global.com\/de\/wp-json\/wp\/v2\/pages\/1787","targetHints":{"allow":["GET"]}}],"collection":[{"href":"https:\/\/www.profil-global.com\/de\/wp-json\/wp\/v2\/pages"}],"about":[{"href":"https:\/\/www.profil-global.com\/de\/wp-json\/wp\/v2\/types\/page"}],"author":[{"embeddable":true,"href":"https:\/\/www.profil-global.com\/de\/wp-json\/wp\/v2\/users\/1"}],"replies":[{"embeddable":true,"href":"https:\/\/www.profil-global.com\/de\/wp-json\/wp\/v2\/comments?post=1787"}],"version-history":[{"count":23,"href":"https:\/\/www.profil-global.com\/de\/wp-json\/wp\/v2\/pages\/1787\/revisions"}],"predecessor-version":[{"id":3053,"href":"https:\/\/www.profil-global.com\/de\/wp-json\/wp\/v2\/pages\/1787\/revisions\/3053"}],"wp:attachment":[{"href":"https:\/\/www.profil-global.com\/de\/wp-json\/wp\/v2\/media?parent=1787"}],"curies":[{"name":"wp","href":"https:\/\/api.w.org\/{rel}","templated":true}]}}