{"id":1782,"date":"2024-05-20T08:07:47","date_gmt":"2024-05-20T08:07:47","guid":{"rendered":"https:\/\/www.profil-global.com\/installation\/"},"modified":"2024-09-30T08:46:54","modified_gmt":"2024-09-30T08:46:54","slug":"installation","status":"publish","type":"page","link":"https:\/\/www.profil-global.com\/de\/installation\/","title":{"rendered":"Verarbeitung"},"content":{"rendered":"<div class=\"block small-banner has-links\">\n  <div class=\"main-content-wrap\">\n    <div class=\"container\">\n      <div class=\"row\">\n        <div class=\"col-12\">\n                  <\/div>\n        <div class=\"col-12 col-md-8 col-lg-6 main-content\">\n                    <h1 data-page-heading class=\"heading \">Verarbeitung<br \/>\r\n<\/h1>                  <\/div>\n              <\/div>\n    <\/div>\n  <\/div>\n<\/div>\n  <div class=\"small-banner-links\">\n    <div class=\"container swiper link-swiper\" data-link-count=\"3\">\n      <div class=\"swiper-wrapper\">\n        <a data-slide-index=\"0\" href=\"#in-die\" class=\"swiper-slide banner-link\">Vollautomatische Verarbeitung<\/a><a data-slide-index=\"1\" href=\"#c-frame\" class=\"swiper-slide banner-link\">C-Gestell Verarbeitungsmethoden<\/a><a data-slide-index=\"2\" href=\"#special\" class=\"swiper-slide banner-link\">Sonderl\u00f6sungen<\/a>      <\/div>\n    <\/div>\n  <\/div>\n  \n\n  <section class=\"block text-video  order-text-video scrollspy-section wp-block-acf-text-video\" id=\"in-die\">\n    <div class=\"background\"><\/div>\n    <div class=\"container\">\n      <div class=\"row content-row\">\n        <!-- Text col -->\n        <div class=\"col-12 col-lg-6 text-col\">\n                    <h2 class=\"block-heading d-none d-lg-block\">Vollautomatische Verarbeitung<\/h2>          <div class=\"text\"><p>Vollautomatische Verarbeitung in Folgeverbundwerkzeugen, Transferwerkzeugen oder automatisierten Pressenlinien.<\/p>\n<p>Besonders wirtschaftlich f\u00fcr Gro\u00dfserien. Das Verbindungselement wird von einem mehrkanaligen Sortier- und F\u00f6rderger\u00e4t \u00fcber Schl\u00e4uche in die Stanzk\u00f6pfe bef\u00f6rdert. Diese sind in ein Blechumformwerkzeug integriert. Mit jedem Hub werden ein oder mehrere Verbindungselemente verankert.<\/p>\n<\/div>                  <\/div>\n        <!-- Image col -->\n        <div class=\"col-12 col-lg-6 video-col\">\n          <!-- Headings for mobile -->\n                    <h2 class=\"block-heading d-lg-none\">Vollautomatische Verarbeitung<\/h2>                      <div class=\"video-embed-container\">\n              <iframe loading=\"lazy\" title=\"PROFIL\u00ae In-Die Fastener Installation\" src=\"https:\/\/player.vimeo.com\/video\/436563811?dnt=1&amp;app_id=122963\" width=\"640\" height=\"360\" frameborder=\"0\" allow=\"autoplay; fullscreen; picture-in-picture; clipboard-write; encrypted-media; web-share\" referrerpolicy=\"strict-origin-when-cross-origin\"><\/iframe>              <img decoding=\"async\" src=\"https:\/\/www.profil-global.com\/wp-content\/uploads\/2024\/05\/in-die-installation.png\" alt=\"\" class=\"video-poster\">              <button class=\"btn-play\">\n                <img decoding=\"async\" src=\"https:\/\/www.profil-global.com\/wp-content\/themes\/profil-global\/images\/play-icon.svg\" class=\"btn-icon\" alt=\"A play icon\">\n              <\/button>\n            <\/div>\n                    <\/div>\n      <\/div>\n    <\/div>\n  <\/section>\n  \n\n  <section class=\"block text-image-carousel  order-carousel-text wp-block-acf-text-image-carousel\">\n    <div class=\"background\"><\/div>\n    <div class=\"container\">\n      <div class=\"row content-row\">\n        <!-- Text col -->\n        <div class=\"col-12 col-md-6 text-col\">\n                    <h2 class=\"block-heading d-none d-md-block\">Sortier- und F\u00f6rderger\u00e4t<\/h2>          <div class=\"text\"><p>F\u00fcr die automatische Verarbeitung werden die Verbindungselemente im Sortier- und F\u00f6rderger\u00e4t sortiert und lagerichtig dem Werkzeug zugef\u00fchrt. Das Sortier- und F\u00f6rderger\u00e4t besteht aus den Modulen: Kettenf\u00f6rderer \/ Sortierer, pneumatischer F\u00f6rderstufe und Schaltschrank.<\/p>\n<p>Das F\u00f6rderger\u00e4t bietet jahrzehntelang eine hohe Zuverl\u00e4ssigkeit, ist einfach zu integrieren und zu warten.<\/p>\n<\/div>                  <\/div>\n        <!-- Carousel col -->\n        <div class=\"col-12 col-md-6 carousel-col\">\n          <!-- Headings for mobile -->\n                    <h2 class=\"block-heading d-md-none\">Sortier- und F\u00f6rderger\u00e4t<\/h2>          <div class=\"swiper\">\n            <div class=\"swiper-wrapper\">\n              <img decoding=\"async\" src=\"https:\/\/www.profil-global.com\/wp-content\/uploads\/2024\/05\/Feeder-3_-White-Background-1024x682.jpg\" alt=\"PROFIL Feeder\" class=\"swiper-slide object-fit-contain\"><img decoding=\"async\" src=\"https:\/\/www.profil-global.com\/wp-content\/uploads\/2024\/05\/Feeder-2_-White-Background-902x1024.webp\" alt=\"PROFIL Feeder\" class=\"swiper-slide object-fit-contain\"><img decoding=\"async\" src=\"https:\/\/www.profil-global.com\/wp-content\/uploads\/2024\/05\/Feeder-4_-White-Background-682x1024.jpg\" alt=\"PROFIL Feeder\" class=\"swiper-slide object-fit-contain\">            <\/div>\n            <div class=\"swiper-button-prev swiper-button\"><\/div>\n            <div class=\"swiper-button-next swiper-button\"><\/div>\n          <\/div>\n        <\/div>\n      <\/div>\n    <\/div>\n  <\/section>\n  \n\n  <section class=\"block text-image  order-text-image wp-block-acf-text-image\">\n    <div class=\"background\"><\/div>\n    <div class=\"container\">\n      <div class=\"row content-row\">\n        <!-- Text col -->\n        <div class=\"col-12 col-md-6 text-col\">\n                    <h2 class=\"block-heading d-none d-md-block\">Transferwerkzeugverfahren<\/h2>          <div class=\"text\"><p>Transferwerkzeugverfahren werden in der Fertigung eingesetzt, wo mehrere Pressen hintereinander zum Stanzen verwendet werden. Dieses Verfahren wird in der Regel f\u00fcr gro\u00dfe Platten mit komplexer Geometrie verwendet. PROFIL\u00ae arbeitet mit unseren Kunden zusammen, um eine nahtlose Integration in ihre Umformvorg\u00e4nge zu erm\u00f6glichen, indem wir unsere mechanisch befestigten Befestigungselemente (MAF) direkt in jede Anwendung einbauen, sobald diese montiert wird.<\/p>\n<\/div>                  <\/div>\n        <!-- Image col -->\n        <div class=\"col-12 col-md-6 image-col\">\n          <!-- Headings for mobile -->\n                    <h2 class=\"block-heading d-md-none\">Transferwerkzeugverfahren<\/h2>          <img decoding=\"async\" src=\"https:\/\/www.profil-global.com\/wp-content\/uploads\/2024\/05\/in-die-installation-2.png\" alt=\"\" class=\"object-fit-contain\">        <\/div>\n      <\/div>\n    <\/div>\n  <\/section>\n  \n\n  <section class=\"block text-video  order-video-text scrollspy-section wp-block-acf-text-video\" id=\"c-frame\">\n    <div class=\"background\"><\/div>\n    <div class=\"container\">\n      <div class=\"row content-row\">\n        <!-- Text col -->\n        <div class=\"col-12 col-lg-6 text-col\">\n                    <h2 class=\"block-heading d-none d-lg-block\">C-Gestell Verarbeitungsmethoden<\/h2>          <div class=\"text\"><p><strong>Robotergesteuerte Einbringung:\u00a0<\/strong><\/p>\n<p>Ideale Anwendung im Rohbau bei gro\u00dfen Blechformteilen oder Bauteilen mit Verbindungselementen in nicht achsparalleler Anordnung. Der Roboter tr\u00e4gt das Bauteil zu einer feststehenden Presse oder eine mobile Presse zum Bauteil. Dies bedeutet einen Geschwindigkeitsvorteil gegen\u00fcber anderen Verfahren wie, beispielsweise dem Schwei\u00dfen. Je nach Randbedingungen sind Zykluszeiten von &lt; 1,5 s realisierbar.<\/p>\n<p><strong>Handeinlegeverfahren:<\/strong><\/p>\n<p>G\u00fcnstige Methode f\u00fcr Kleinserien, Einzelteile und Prototypen. Das Verbindungselement wird per Hand in ein Werkzeug eingelegt und beim anschlie\u00dfenden Pressenhub im Blechteil verankert.<\/p>\n<\/div>                  <\/div>\n        <!-- Image col -->\n        <div class=\"col-12 col-lg-6 video-col\">\n          <!-- Headings for mobile -->\n                    <h2 class=\"block-heading d-lg-none\">C-Gestell Verarbeitungsmethoden<\/h2>                      <div class=\"video-embed-container\">\n              <iframe loading=\"lazy\" title=\"PROFIL\u00ae Robotic Fastener Installation\" src=\"https:\/\/player.vimeo.com\/video\/436562611?dnt=1&amp;app_id=122963\" width=\"640\" height=\"360\" frameborder=\"0\" allow=\"autoplay; fullscreen; picture-in-picture; clipboard-write; encrypted-media; web-share\" referrerpolicy=\"strict-origin-when-cross-origin\"><\/iframe>              <img decoding=\"async\" src=\"https:\/\/www.profil-global.com\/wp-content\/uploads\/2024\/05\/c-frame-installation.png\" alt=\"\" class=\"video-poster\">              <button class=\"btn-play\">\n                <img decoding=\"async\" src=\"https:\/\/www.profil-global.com\/wp-content\/themes\/profil-global\/images\/play-icon.svg\" class=\"btn-icon\" alt=\"A play icon\">\n              <\/button>\n            <\/div>\n                    <\/div>\n      <\/div>\n    <\/div>\n  <\/section>\n  \n\n  <section class=\"block text-image  order-text-image scrollspy-section wp-block-acf-text-image\" id=\"special\">\n    <div class=\"background\"><\/div>\n    <div class=\"container\">\n      <div class=\"row content-row\">\n        <!-- Text col -->\n        <div class=\"col-12 col-md-6 text-col\">\n                    <h2 class=\"block-heading d-none d-md-block\">Sonderl\u00f6sungen<\/h2>          <div class=\"text\"><p>PROFIL\u00ae Anwendungsingenieure arbeiten direkt mit unseren Kunden zusammen, um Vorproduktionsinstallationen und Tests durchzuf\u00fchren. Als Systemlieferant entwickeln und liefern wir die geeignete Verarbeitungstechnologie, die auf die individuellen Produktionsanforderungen jeder Anwendung zugeschnitten ist.<\/p>\n<p><strong>PROFIL\u00ae L<span class=\"ui-provider a b c d e f g h i j k l m n o p q r s t u v w x y z ab ac ae af ag ah ai aj ak\" dir=\"ltr\">\u00f6sungen f\u00fcr Warmformst\u00e4hle (Press Hardened Steel &#8211; PHS):<\/span><\/strong><\/p>\n<p>Warmformst\u00e4hle (PHS) nehmen in den aktuellen und zuk\u00fcnftigen Karosseriearchitekturen eine zunehmend wichtigere Rolle ein. Sei es der Schutz der Insassen im Crashfall oder die strukturelle Einhausung der Batterie bei E-Fahrzeugen, sind diese Stahlg\u00fcten nahezu unverzichtbar. Lernen Sie die PROFIL\u00ae-L\u00f6sungen f\u00fcr ultrahochfeste St\u00e4hle und deren Potenziale zur Prozessintegration kennen, wodurch Sie neben der Steigerung der Qualit\u00e4t Ihrer Produkte eine Verk\u00fcrzung des Herstellprozesses realisieren k\u00f6nnen.<\/p>\n<\/div>                  <\/div>\n        <!-- Image col -->\n        <div class=\"col-12 col-md-6 image-col\">\n          <!-- Headings for mobile -->\n                    <h2 class=\"block-heading d-md-none\">Sonderl\u00f6sungen<\/h2>          <img decoding=\"async\" src=\"https:\/\/www.profil-global.com\/wp-content\/uploads\/2024\/05\/custom-installation.png\" alt=\"\" class=\"object-fit-contain\">        <\/div>\n      <\/div>\n    <\/div>\n  <\/section>\n  \n\n<section class=\"block block-columns margin-medium bg-white padding-medium wp-block-acf-flexible-columns\">\n  <div class=\"block-wrap\">\n    <div class=\"container \">\n            <div class=\"acf-innerblocks-container\">\n\n<div class=\"wp-block-columns is-layout-flex wp-container-core-columns-is-layout-9d6595d7 wp-block-columns-is-layout-flex\">\n<div class=\"wp-block-column is-layout-flow wp-block-column-is-layout-flow\">\n<h2 class=\"wp-block-heading has-text-align-center\">In-Die<br> installation<\/h2>\n\n\n\n<figure class=\"wp-block-video\"><video height=\"640\" style=\"aspect-ratio: 960 \/ 640;\" width=\"960\" controls src=\"https:\/\/www.profil-global.com\/wp-content\/uploads\/2024\/07\/Config-1-InDie.018-2.mp4\"><\/video><\/figure>\n<\/div>\n\n\n\n<div class=\"wp-block-column is-layout-flow wp-block-column-is-layout-flow\">\n<h2 class=\"wp-block-heading has-text-align-center\">Semi In-Die<br> installation<\/h2>\n\n\n\n<figure class=\"wp-block-video\"><video height=\"640\" style=\"aspect-ratio: 960 \/ 640;\" width=\"960\" controls src=\"https:\/\/www.profil-global.com\/wp-content\/uploads\/2024\/07\/Config-2-Semi-InDie.018-2.mp4\"><\/video><\/figure>\n<\/div>\n\n\n\n<div class=\"wp-block-column is-layout-flow wp-block-column-is-layout-flow\">\n<h2 class=\"wp-block-heading has-text-align-center\">Body in White<br> installation<\/h2>\n\n\n\n<figure class=\"wp-block-video\"><video height=\"640\" style=\"aspect-ratio: 960 \/ 640;\" width=\"960\" controls src=\"https:\/\/www.profil-global.com\/wp-content\/uploads\/2024\/07\/Config-3-BiW.011-2.mp4\"><\/video><\/figure>\n<\/div>\n<\/div>\n\n<\/div>\n    <\/div>\n  <\/div>\n<\/section>","protected":false},"excerpt":{"rendered":"","protected":false},"author":1,"featured_media":0,"parent":0,"menu_order":0,"comment_status":"closed","ping_status":"closed","template":"","meta":{"_acf_changed":false,"footnotes":""},"class_list":["post-1782","page","type-page","status-publish","hentry"],"acf":[],"yoast_head":"<!-- This site is optimized with the Yoast SEO plugin v26.7 - https:\/\/yoast.com\/wordpress\/plugins\/seo\/ -->\n<title>Verarbeitung | PROFIL\u00ae Verbindungstechnik<\/title>\n<meta name=\"description\" content=\"Vollautomatische Verarbeitung in Folgeverbundwerkzeugen, Transferwerkzeugen oder automatisierten Pressenlinien.\" \/>\n<meta name=\"robots\" content=\"index, follow, max-snippet:-1, max-image-preview:large, max-video-preview:-1\" \/>\n<link rel=\"canonical\" href=\"https:\/\/www.profil-global.com\/de\/installation\/\" \/>\n<meta property=\"og:locale\" content=\"de_DE\" \/>\n<meta property=\"og:type\" content=\"article\" \/>\n<meta property=\"og:title\" content=\"Verarbeitung | PROFIL\u00ae Verbindungstechnik\" \/>\n<meta property=\"og:description\" content=\"Vollautomatische Verarbeitung in Folgeverbundwerkzeugen, Transferwerkzeugen oder automatisierten Pressenlinien.\" \/>\n<meta property=\"og:url\" content=\"https:\/\/www.profil-global.com\/de\/installation\/\" \/>\n<meta property=\"og:site_name\" content=\"PROFIL\u00ae\" \/>\n<meta property=\"article:modified_time\" content=\"2024-09-30T08:46:54+00:00\" \/>\n<meta name=\"twitter:card\" content=\"summary_large_image\" \/>\n<meta name=\"twitter:label1\" content=\"Est. reading time\" \/>\n\t<meta name=\"twitter:data1\" content=\"1 Minute\" \/>\n<script type=\"application\/ld+json\" class=\"yoast-schema-graph\">{\"@context\":\"https:\/\/schema.org\",\"@graph\":[{\"@type\":\"WebPage\",\"@id\":\"https:\/\/www.profil-global.com\/de\/installation\/\",\"url\":\"https:\/\/www.profil-global.com\/de\/installation\/\",\"name\":\"Verarbeitung | PROFIL\u00ae Verbindungstechnik\",\"isPartOf\":{\"@id\":\"https:\/\/www.profil-global.com\/de\/#website\"},\"datePublished\":\"2024-05-20T08:07:47+00:00\",\"dateModified\":\"2024-09-30T08:46:54+00:00\",\"description\":\"Vollautomatische Verarbeitung in Folgeverbundwerkzeugen, Transferwerkzeugen oder automatisierten Pressenlinien.\",\"breadcrumb\":{\"@id\":\"https:\/\/www.profil-global.com\/de\/installation\/#breadcrumb\"},\"inLanguage\":\"de-DE\",\"potentialAction\":[{\"@type\":\"ReadAction\",\"target\":[\"https:\/\/www.profil-global.com\/de\/installation\/\"]}]},{\"@type\":\"BreadcrumbList\",\"@id\":\"https:\/\/www.profil-global.com\/de\/installation\/#breadcrumb\",\"itemListElement\":[{\"@type\":\"ListItem\",\"position\":1,\"name\":\"Home\",\"item\":\"https:\/\/www.profil-global.com\/de\/\"},{\"@type\":\"ListItem\",\"position\":2,\"name\":\"Verarbeitung\"}]},{\"@type\":\"WebSite\",\"@id\":\"https:\/\/www.profil-global.com\/de\/#website\",\"url\":\"https:\/\/www.profil-global.com\/de\/\",\"name\":\"PROFIL\u00ae fastening technology\",\"description\":\"\",\"potentialAction\":[{\"@type\":\"SearchAction\",\"target\":{\"@type\":\"EntryPoint\",\"urlTemplate\":\"https:\/\/www.profil-global.com\/de\/?s={search_term_string}\"},\"query-input\":{\"@type\":\"PropertyValueSpecification\",\"valueRequired\":true,\"valueName\":\"search_term_string\"}}],\"inLanguage\":\"de-DE\"}]}<\/script>\n<!-- \/ Yoast SEO plugin. -->","yoast_head_json":{"title":"Verarbeitung | PROFIL\u00ae Verbindungstechnik","description":"Vollautomatische Verarbeitung in Folgeverbundwerkzeugen, Transferwerkzeugen oder automatisierten Pressenlinien.","robots":{"index":"index","follow":"follow","max-snippet":"max-snippet:-1","max-image-preview":"max-image-preview:large","max-video-preview":"max-video-preview:-1"},"canonical":"https:\/\/www.profil-global.com\/de\/installation\/","og_locale":"de_DE","og_type":"article","og_title":"Verarbeitung | PROFIL\u00ae Verbindungstechnik","og_description":"Vollautomatische Verarbeitung in Folgeverbundwerkzeugen, Transferwerkzeugen oder automatisierten Pressenlinien.","og_url":"https:\/\/www.profil-global.com\/de\/installation\/","og_site_name":"PROFIL\u00ae","article_modified_time":"2024-09-30T08:46:54+00:00","twitter_card":"summary_large_image","twitter_misc":{"Est. reading time":"1 Minute"},"schema":{"@context":"https:\/\/schema.org","@graph":[{"@type":"WebPage","@id":"https:\/\/www.profil-global.com\/de\/installation\/","url":"https:\/\/www.profil-global.com\/de\/installation\/","name":"Verarbeitung | PROFIL\u00ae Verbindungstechnik","isPartOf":{"@id":"https:\/\/www.profil-global.com\/de\/#website"},"datePublished":"2024-05-20T08:07:47+00:00","dateModified":"2024-09-30T08:46:54+00:00","description":"Vollautomatische Verarbeitung in Folgeverbundwerkzeugen, Transferwerkzeugen oder automatisierten Pressenlinien.","breadcrumb":{"@id":"https:\/\/www.profil-global.com\/de\/installation\/#breadcrumb"},"inLanguage":"de-DE","potentialAction":[{"@type":"ReadAction","target":["https:\/\/www.profil-global.com\/de\/installation\/"]}]},{"@type":"BreadcrumbList","@id":"https:\/\/www.profil-global.com\/de\/installation\/#breadcrumb","itemListElement":[{"@type":"ListItem","position":1,"name":"Home","item":"https:\/\/www.profil-global.com\/de\/"},{"@type":"ListItem","position":2,"name":"Verarbeitung"}]},{"@type":"WebSite","@id":"https:\/\/www.profil-global.com\/de\/#website","url":"https:\/\/www.profil-global.com\/de\/","name":"PROFIL\u00ae fastening technology","description":"","potentialAction":[{"@type":"SearchAction","target":{"@type":"EntryPoint","urlTemplate":"https:\/\/www.profil-global.com\/de\/?s={search_term_string}"},"query-input":{"@type":"PropertyValueSpecification","valueRequired":true,"valueName":"search_term_string"}}],"inLanguage":"de-DE"}]}},"_links":{"self":[{"href":"https:\/\/www.profil-global.com\/de\/wp-json\/wp\/v2\/pages\/1782","targetHints":{"allow":["GET"]}}],"collection":[{"href":"https:\/\/www.profil-global.com\/de\/wp-json\/wp\/v2\/pages"}],"about":[{"href":"https:\/\/www.profil-global.com\/de\/wp-json\/wp\/v2\/types\/page"}],"author":[{"embeddable":true,"href":"https:\/\/www.profil-global.com\/de\/wp-json\/wp\/v2\/users\/1"}],"replies":[{"embeddable":true,"href":"https:\/\/www.profil-global.com\/de\/wp-json\/wp\/v2\/comments?post=1782"}],"version-history":[{"count":34,"href":"https:\/\/www.profil-global.com\/de\/wp-json\/wp\/v2\/pages\/1782\/revisions"}],"predecessor-version":[{"id":4679,"href":"https:\/\/www.profil-global.com\/de\/wp-json\/wp\/v2\/pages\/1782\/revisions\/4679"}],"wp:attachment":[{"href":"https:\/\/www.profil-global.com\/de\/wp-json\/wp\/v2\/media?parent=1782"}],"curies":[{"name":"wp","href":"https:\/\/api.w.org\/{rel}","templated":true}]}}